{"id":9,"date":"2013-05-23T16:12:25","date_gmt":"2016-05-17T05:31:48","guid":{"rendered":""},"modified":"2016-06-08T15:14:24","modified_gmt":"2016-06-08T13:14:24","slug":"master-it4bi","status":"publish","type":"page","link":"https:\/\/www.info.univ-tours.fr\/diblois\/master-it4bi\/","title":{"rendered":"Master IT4BI"},"content":{"rendered":"<div id=\"block-left\"><img loading=\"lazy\" decoding=\"async\" class=\"alignnone size-medium wp-image-325\" src=\"\/diblois\/files\/banners\/diblois_www_it4bi.png\" alt=\"IT4BI\" width=\"944\" height=\"113\" \/><br \/>\nLe Master IT4BI est un cursus d\u2019excellence europ\u00e9en labellis\u00e9 Erasmus Mundus, et co-g\u00e9r\u00e9 par 5 universit\u00e9s europ\u00e9ennes en France, Espagne, Belgique et Allemagne. D\u2019une dur\u00e9e de 2 ans (Bac+3&gt;Bac+5), ce cursus propose aux \u00e9tudiants de devenir des sp\u00e9cialistes en informatique d\u00e9cisionnelle, parfaitement bilingues et ouverts sur le monde qui les entoure..<\/p>\n<div class=\"title\">\n<h2>Parier sur la mobilit\u00e9 des comp\u00e9tences<\/h2>\n<\/div>\n<p>Ce dipl\u00f4me Bac+5, aux enseignements int\u00e9gralement dispens\u00e9s en anglais, offre \u00e0 l\u2019\u00e9tudiant la possibilit\u00e9 de suivre de fa\u00e7on successive les diff\u00e9rents enseignements des universit\u00e9s partenaires: le premier semestre est effectu\u00e9 \u00e0 Bruxelles, le second \u00e0 Blois.<br \/>\nLe 3\u00e8me semestre (Paris, Barcelone ou Berlin) est laiss\u00e9 au choix de l\u2019\u00e9tudiant selon la sp\u00e9cialisation qu\u2019il choisit. Enfin le 4eme semestre constitue la th\u00e8se de l\u2019\u00e9tudiant, qui peut \u00eatre r\u00e9alis\u00e9e dans une universit\u00e9 partenaire ou l\u2019entreprise de son choix.<\/p>\n<div class=\"title\">\n<h2>Un concept unique<\/h2>\n<\/div>\n<p>Il est le premier \u00ab<strong>Master europ\u00e9en<\/strong>\u00bb enti\u00e8rement d\u00e9di\u00e9 aux syst\u00e8mes d\u2019information et \u00e0 l\u2019informatique d\u00e9cisionnelle.<br \/>\nAu terme du Master, les \u00e9tudiants re\u00e7oivent un dipl\u00f4me multiple (Belgique, France et l\u2019universit\u00e9 de sp\u00e9cialisation) et auront donc visit\u00e9 au minimum 3 pays diff\u00e9rents.\n<\/div>\n<div id=\"block-right\">\n<a class=\"link-official-website\" href=\"http:\/\/it4bi.univ-tours.fr\/\" target=\"_blank\">Site officiel<\/a><\/p>\n<div class=\"director\">Responsable de la mention Master<br \/>\n<a href=\"\/diblois\/fr\/contact\/\">Nicolas Labroche<\/a><\/div>\n<h4>Les points cl\u00e9s<\/h4>\n<div class=\"sub-paragraph\">\n<ul>\n<li>2 ans \/ 3 pays visit\u00e9s<\/li>\n<li>3 sp\u00e9cialisations possibles<\/li>\n<li>3 dipl\u00f4mes \u00e0 la cl\u00e9<\/li>\n<li>Cours en anglais<\/li>\n<li>Syst\u00e8me de bourses europ\u00e9ennes<\/li>\n<li>Un semestre entier consacr\u00e9 \u00e0 la th\u00e8se (en entreprise ou au sein d\u2019un Laboratoire de recherche)<\/li>\n<\/ul>\n<\/div>\n<h4>Partenaires<\/h4>\n<div class=\"sub-paragraph\">\n<ul>\n<li>Universit\u00e9 Libre de Bruxelles (ULB)<\/li>\n<li>Universit\u00e9 Fran\u00e7ois-Rabelais de Tours (UFRT)<\/li>\n<li>Universitat Polit\u00e8cnica de Catalunya (UPC)<\/li>\n<li>Ecole Centrale Paris (ECP)<\/li>\n<li>Technische Universit\u00e4t Berlin (TUB)<\/li>\n<li>des enreprises dont IBM, SAP<\/li>\n<li>des centres de recherche dont l\u2019INRIA et HP Labs<\/li>\n<li>des collectivit\u00e9s locales dont la R\u00e9gion Centre et Agglopolys<\/li>\n<li>et d\u2019autres universit\u00e9s en et hors Europe sont \u00e9galement partenaires de ce programme<\/li>\n<\/ul>\n<\/div>\n<\/div>\n","protected":false},"excerpt":{"rendered":"<p>Information Technologies for Business Intelligence<\/p>\n","protected":false},"author":1,"featured_media":0,"parent":0,"menu_order":0,"comment_status":"closed","ping_status":"open","template":"","meta":{"footnotes":""},"class_list":["post-9","page","type-page","status-publish","hentry"],"_links":{"self":[{"href":"https:\/\/www.info.univ-tours.fr\/diblois\/wp-json\/wp\/v2\/pages\/9","targetHints":{"allow":["GET"]}}],"collection":[{"href":"https:\/\/www.info.univ-tours.fr\/diblois\/wp-json\/wp\/v2\/pages"}],"about":[{"href":"https:\/\/www.info.univ-tours.fr\/diblois\/wp-json\/wp\/v2\/types\/page"}],"author":[{"embeddable":true,"href":"https:\/\/www.info.univ-tours.fr\/diblois\/wp-json\/wp\/v2\/users\/1"}],"replies":[{"embeddable":true,"href":"https:\/\/www.info.univ-tours.fr\/diblois\/wp-json\/wp\/v2\/comments?post=9"}],"version-history":[{"count":0,"href":"https:\/\/www.info.univ-tours.fr\/diblois\/wp-json\/wp\/v2\/pages\/9\/revisions"}],"wp:attachment":[{"href":"https:\/\/www.info.univ-tours.fr\/diblois\/wp-json\/wp\/v2\/media?parent=9"}],"curies":[{"name":"wp","href":"https:\/\/api.w.org\/{rel}","templated":true}]}}