{"id":8,"date":"2013-05-23T16:09:28","date_gmt":"2013-05-23T14:09:28","guid":{"rendered":""},"modified":"2023-12-14T09:25:12","modified_gmt":"2023-12-14T08:25:12","slug":"licence-informatique","status":"publish","type":"page","link":"https:\/\/www.info.univ-tours.fr\/diblois\/licence-informatique\/","title":{"rendered":"Licence Informatique"},"content":{"rendered":"<div id=\"block-left\">\n<p>La Licence d\u2019Informatique vise \u00e0 donner aux \u00e9tudiants une ma\u00eetrise des fondamentaux dans tous les domaines de l\u2019informatique, en y ajoutant une sensibilisation tr\u00e8s marqu\u00e9e au monde de l\u2019entreprise, valid\u00e9e par <a href=\"\/diblois\/stages\/\">un stage de fin d\u2019\u00e9tudes<\/a>.<\/p>\n<div class=\"title\">\n<h2>Miser sur les fondamentaux<\/h2>\n<\/div>\n<p>La Licence Informatique se veut un tremplin vers le poste d\u2019ing\u00e9nieur informatique et donc la poursuite d\u2019\u00e9tudes en Master.<br \/>\nToutefois, ce cursus est con\u00e7u de fa\u00e7on \u00e0 ce que les \u00e9tudiants titulaires de la Licence aient une formation suffisamment compl\u00e8te et professionnalisante pour pouvoir se positionner sur le march\u00e9 de l\u2019emploi s\u2019ils le souhaitent.<br \/>\nAinsi les comp\u00e9tences vis\u00e9es sont une solide connaissance scientifique de base, la ma\u00eetrise des fondamentaux de la discipline informatique, et une sensibilisation au monde de l\u2019entreprise.<\/p>\n<div class=\"title\">\n<h2>Regarder vers l\u2019entreprise<\/h2>\n<\/div>\n<p>Ouverte sur l&rsquo;entreprise, la Licence Informatique offre aux futurs dipl\u00f4m\u00e9s les atouts n\u00e9cessaires pour trouver un emploi \u00e0 un technicien sup\u00e9rieur \/ assistant ing\u00e9nieur.<br \/>\nCette formation s\u2019appuie sur des partenariats avec des acteurs reconnus de l\u2019informatique tels que Cap Gemini ou Atos. De nombreux professionnels issus de ces m\u00eames entreprises interviennent dans les enseignements de la Licence.<br \/>\nTout au long de leur cursus, les \u00e9tudiants re\u00e7oivent \u00e9galement des enseignements sp\u00e9cifiques leur permettant de mieux appr\u00e9hender la culture d&rsquo;entreprise : communication, droit du travail, gestion et simulation d&rsquo;entreprise.<br \/>\nLa pr\u00e9sence d\u2019un stage de fin d&rsquo;\u00e9tudes en L3 s\u2019inscrit \u00e9galement dans cette volont\u00e9 de professionnaliser la Licence et d\u2019en faire une formation toujours plus proche des attentes des recruteurs.<\/p>\n<div class=\"title\">\n<h2>Viser la r\u00e9ussite<\/h2>\n<\/div>\n<p>La question de l\u2019\u00e9chec \u00e0 l\u2019entr\u00e9e \u00e0 l\u2019universit\u00e9 est r\u00e9elle, avant tout du fait des orientations subies ou erron\u00e9es des \u00e9tudiants.<br \/>\nGr\u00e2ce \u00e0 nos promotions \u00e0 petits effectifs et un suivi permanent des \u00e9tudiants (contr\u00f4le continu de connaissances, tutorat avec un enseignant r\u00e9f\u00e9rent), notre licence permet \u00e0 plus de 85% des bacheliers scientifiques de r\u00e9ussir chaque ann\u00e9e (voir les taux de r\u00e9ussite plus bas).<\/p>\n<p>La situation est plus complexe pour les \u00e9tudiants issus d\u2019une autre s\u00e9rie de baccalaur\u00e9at et qui ne disposent pas des connaissances requises en math\u00e9matiques. C\u2019est pour eux que nous avons un parcours \u00ab\u00a0aide \u00e0 la r\u00e9ussite\u00a0\u00bb en L1. Celui-ci consiste \u00e0 proposer aux \u00e9tudiants non titulaires d\u2019un baccalaur\u00e9at S des cours de remise \u00e0 niveau en math\u00e9matiques et de soutien en informatique, en remplacement d\u2019enseignements de physique. Ce parcours a d\u00e9montr\u00e9 son int\u00e9r\u00eat depuis maintenant pr\u00e8s de 10 ans. Il permet la r\u00e9ussite de bacheliers ES, L, STI2D voire plus rarement de bacheliers professionnels \u00e0 composante informatique. Ces \u00e9tudiants ont toutefois obtenu g\u00e9n\u00e9ralement une mention B ou TB au baccalaur\u00e9at, ou avaient choisi une option math\u00e9matiques \u00e0 cette occasion (voir les taux de r\u00e9ussite plus bas).<\/p>\n<p><b>Dans quel parcours serai-je \u00e0 la rentr\u00e9e<\/b> ? &#8211; Sur <i>ParcourSup<\/i>, deux types de r\u00e9ponses positives peuvent vous \u00eatre donn\u00e9es. Si la r\u00e9ponse est \u00ab\u00a0oui\u00a0\u00bb (ou \u00ab\u00a0oui en attente\u00a0\u00bb car nos capacit\u00e9s d&rsquo;accueil sont limit\u00e9es), cela veut dire que nous avons jug\u00e9 que vous disposiez des comp\u00e9tences pour suivre le parcours g\u00e9n\u00e9ral de la licence. Si la r\u00e9ponse est \u00ab\u00a0oui -si\u00a0\u00bb (ou \u00ab\u00a0oui si &#8211; en attente\u00a0\u00bb), il vous sera demand\u00e9 de suivre le parcours aide \u00e0 la r\u00e9ussite. Cela signifie que nous estimons que vous avez des chances correctes de r\u00e9ussir ce qui doit \u00eatre vu comme une r\u00e9orientation.<\/p>\n<p>Quelques \u00e9l\u00e9ments sur les taux de r\u00e9ussite moyens dans notre L1, sur les 5 derni\u00e8res ann\u00e9es, pourront vous aider \u00e0 appr\u00e9cier notre niveau d&rsquo;exigence (du fait de la COVID-19, les r\u00e9sultats 2020-2021 avec le nouveau baccalaur\u00e9at ne sont pas significative).<\/p>\n<p><img loading=\"lazy\" decoding=\"async\" class=\"alignnone wp-image-1241\" src=\"https:\/\/www.info.univ-tours.fr\/diblois\/files\/www_di_image_reussitel1-300x71.jpg\" alt=\"\" width=\"422\" height=\"100\" srcset=\"https:\/\/www.info.univ-tours.fr\/diblois\/files\/www_di_image_reussitel1-300x71.jpg 300w, https:\/\/www.info.univ-tours.fr\/diblois\/files\/www_di_image_reussitel1.jpg 633w\" sizes=\"auto, (max-width: 422px) 100vw, 422px\" \/><\/p>\n<p><!--\n\n\n<div class=\"title\">\n\n\n<h2>Viser l'international<\/h2>\n\n\n<\/div>\n\n\nLa licence informatique propose un parcours international d\u2019excellence avec le <a href=\"https:\/\/www.info.univ-tours.fr\/diblois\/international\/\">cursus europ\u00e9en ECS<\/a> (European Computer Science) qui vous permet d\u2019obtenir notre licence ainsi que le BSc (Bachelor of Science) d\u2019un de nos partenaires europ\u00e9ens. Cette ouverture \u00e0 l\u2019international se retrouve \u00e9galement dans la proposition de modules assur\u00e9s en anglais pour les \u00e9tudiants int\u00e9ress\u00e9s.\n--><\/p>\n<\/div>\n<div id=\"block-right\">\n<div class=\"director\">Responsable de la mention Licence<br \/>\n<a href=\"\/diblois\/contact\/\">Mohamed Taghelit<\/a><\/div>\n<h4>La formation<\/h4>\n<div class=\"sub-paragraph\">\n<ul>\n<li>Quatre axes d\u2019enseignements fondamentaux :\n<ul>\n<li>Programmation et algorithmique<\/li>\n<li>Bases de donn\u00e9es<\/li>\n<li>Applications web<\/li>\n<li>Applications mobile<\/li>\n<\/ul>\n<\/li>\n<li>Des enseignements d\u00e9di\u00e9s \u00e0 la culture d\u2019entreprise : anglais technique, communication, gestion<\/li>\n<li>De nombreux projets de groupes et travaux pratiques pour concr\u00e9tiser les notions enseign\u00e9es<\/li>\n<li><a href=\"\/diblois\/stages\/\">Un stage en entreprise<\/a> de 4 mois (en fin d&rsquo;\u00e9tudes de L3)<\/li>\n<\/ul>\n<\/div>\n<h4>Programme &amp; Candidature (version 2018 &#8211; 2023)<\/h4>\n<p><a href=\"https:\/\/www.info.univ-tours.fr\/diblois\/files\/Livret_Licence_Informatique_Version_2020-2021_2021.02.18.pdf\">Le livret de la licence (version 2018 &#8211; 2023)<\/a><\/p>\n<div class=\"sub-paragraph\">\n<ul>\n<li>Licence 1\n<ul>\n<li style=\"list-style-type: none;\">\n<ul><!--\n \t\n\n<li><a title=\"Programme L1 Math-Informatique\" href=\"\/diblois\/programme-l1-informatique\/\">Programme<\/a><\/li>\n\n\n--><\/ul>\n<\/li>\n<\/ul>\n<ul>\n<li><a href=\"https:\/\/www.info.univ-tours.fr\/diblois\/files\/l1ge.png\">Programme Parcours g\u00e9n\u00e9ral<\/a><\/li>\n<li><a href=\"https:\/\/www.info.univ-tours.fr\/diblois\/files\/l1aide.png\">Programme Parcours Aide \u00e0 la r\u00e9ussite<\/a> (semestre 1 uniquement)<\/li>\n<li><a title=\"Candidature L1 Math-Informatique\" href=\"\/diblois\/candidature-l1-informatique\/\">Candidature<\/a><\/li>\n<\/ul>\n<\/li>\n<li>Licence 2\n<ul>\n<li style=\"list-style-type: none;\">\n<ul><!--\n \t\n\n<li><a title=\"Programme L2 Informatique\" href=\"\/diblois\/programme-l2-informatique\/\">Programme<\/a><\/li>\n\n\n--><\/ul>\n<\/li>\n<\/ul>\n<ul>\n<li><a href=\"https:\/\/www.info.univ-tours.fr\/diblois\/files\/l2.png\">Programme<\/a><\/li>\n<li><a title=\"Candidature L2 Informatique\" href=\"\/diblois\/candidature-l2-informatique\/\">Candidature<\/a><\/li>\n<\/ul>\n<\/li>\n<li>Licence 3\n<ul>\n<li style=\"list-style-type: none;\">\n<ul><!--\n \t\n\n<li><a title=\"Programme L3 Informatique\" href=\"\/diblois\/programme-l3-informatique\/\">Programme<\/a><\/li>\n\n\n--><\/ul>\n<\/li>\n<\/ul>\n<ul>\n<li><a href=\"https:\/\/www.info.univ-tours.fr\/diblois\/files\/www-di-image-L3.jpg\">Programme<\/a><\/li>\n<li><a title=\"Candidature L3 Informatique\" href=\"\/diblois\/candidature-l3-informatique\/\">Candidature<\/a><\/li>\n<\/ul>\n<\/li>\n<\/ul>\n<\/div>\n<h4>Poursuite d&rsquo;\u00e9tude<\/h4>\n<div class=\"sub-paragraph\">\n<p>Autorise les poursuites d&rsquo;\u00e9tudes dans tout Master ou Ecole d&rsquo;Ing\u00e9nieur de sp\u00e9cialisation informatique.<\/p>\n<ul>\n<li><a href=\"\/diblois\/fr\/master-bdma\">Master BDMA<\/a><\/li>\n<\/ul>\n<\/div>\n<h4>Les d\u00e9bouch\u00e9s<\/h4>\n<div class=\"sub-paragraph\">\n<p>La licence vise une poursuite d&rsquo;\u00e9tudes longues, mais il est toutefois possible d&rsquo;assurer les fonctions d&rsquo;assistant ing\u00e9nieur dans les domaines :<\/p>\n<ul>\n<li>Int\u00e9gration de services ou d\u2019applications<\/li>\n<li>D\u00e9veloppement d\u2019applications<\/li>\n<li>G\u00e9nie logiciel<\/li>\n<li>Administration de syst\u00e8mes et r\u00e9seaux<\/li>\n<li>Syst\u00e8mes d\u2019information, bases de donn\u00e9es<\/li>\n<\/ul>\n<\/div>\n<\/div>\n","protected":false},"excerpt":{"rendered":"<p>La Licence d\u2019Informatique vise \u00e0 donner aux \u00e9tudiants une ma\u00eetrise des fondamentaux dans tous les domaines de l\u2019informatique, en y ajoutant une sensibilisation tr\u00e8s marqu\u00e9e au monde de l\u2019entreprise, valid\u00e9e par un stage de fin d\u2019\u00e9tudes. Miser sur les fondamentaux La Licence Informatique se veut un tremplin vers le poste d\u2019ing\u00e9nieur informatique et donc la poursuite d\u2019\u00e9tudes en Master. Toutefois, ce cursus est con\u00e7u de fa\u00e7on \u00e0 ce que les \u00e9tudiants titulaires de la Licence aient une formation suffisamment compl\u00e8te&#8230;<\/p>\n<p class=\"read-more\"><a class=\"btn btn-default\" href=\"https:\/\/www.info.univ-tours.fr\/diblois\/licence-informatique\/\"> Read More<span class=\"screen-reader-text\">  Read More<\/span><\/a><\/p>\n","protected":false},"author":1,"featured_media":0,"parent":0,"menu_order":0,"comment_status":"closed","ping_status":"closed","template":"","meta":{"footnotes":""},"class_list":["post-8","page","type-page","status-publish","hentry"],"_links":{"self":[{"href":"https:\/\/www.info.univ-tours.fr\/diblois\/wp-json\/wp\/v2\/pages\/8","targetHints":{"allow":["GET"]}}],"collection":[{"href":"https:\/\/www.info.univ-tours.fr\/diblois\/wp-json\/wp\/v2\/pages"}],"about":[{"href":"https:\/\/www.info.univ-tours.fr\/diblois\/wp-json\/wp\/v2\/types\/page"}],"author":[{"embeddable":true,"href":"https:\/\/www.info.univ-tours.fr\/diblois\/wp-json\/wp\/v2\/users\/1"}],"replies":[{"embeddable":true,"href":"https:\/\/www.info.univ-tours.fr\/diblois\/wp-json\/wp\/v2\/comments?post=8"}],"version-history":[{"count":7,"href":"https:\/\/www.info.univ-tours.fr\/diblois\/wp-json\/wp\/v2\/pages\/8\/revisions"}],"predecessor-version":[{"id":1848,"href":"https:\/\/www.info.univ-tours.fr\/diblois\/wp-json\/wp\/v2\/pages\/8\/revisions\/1848"}],"wp:attachment":[{"href":"https:\/\/www.info.univ-tours.fr\/diblois\/wp-json\/wp\/v2\/media?parent=8"}],"curies":[{"name":"wp","href":"https:\/\/api.w.org\/{rel}","templated":true}]}}