{"id":62,"date":"2013-10-14T11:57:00","date_gmt":"2013-10-14T09:57:00","guid":{"rendered":"http:\/\/www.info.univ-tours.fr\/diblois\/se-loger-a-blois\/"},"modified":"2019-03-05T15:06:18","modified_gmt":"2019-03-05T14:06:18","slug":"se-loger-a-blois","status":"publish","type":"page","link":"https:\/\/www.info.univ-tours.fr\/diblois\/se-loger-a-blois\/","title":{"rendered":"Se loger \u00e0 Blois"},"content":{"rendered":"<p>Le CROUS de Blois vous propose 4 r\u00e9sidences universitaires et vous accueille au :<br \/>\n10\/12 rue Anne de Bretagne<br \/>\n41000 BLOIS<br \/>\nT\u00e9l. : 02 54 78 61 38<br \/>\nFax : 02 54 78 56 17<br \/>\nM\u00e9l. : blois@crous-orleans-tours.fr<\/p>\n<p>Pour en savoir plus, consultez le site Web du CROUS de Blois.<br \/>\n<a class=\"link-official-website\" href=\"https:\/\/www.crous-orleans-tours.fr\/service\/antenne-crous-a-blois\/\" target=\"_blank\" rel=\"noopener noreferrer\">Site du CROUS<\/a><\/p>\n<p>Maison de l\u2019\u00e9tudiant, entr\u00e9e derri\u00e8re le restaurant, face \u00e0 la Loire, 1er \u00e9tage.<br \/>\nOuvert du lundi au vendredi : de 10h \u00e0 13h et de 14h \u00e0 16h30. Sur RDV, en dehors de ces horaires.<\/p>\n<p>Service culturel &amp; petites annonces logement et jobs<br \/>\nM\u00e9l.: culture-blois@crous-orleans-tours.fr<br \/>\nT\u00e9l. : 02 54 78 63 41<\/p>\n<hr>\n<p>2 listes d&rsquo;h\u00e9bergements \u00e0 Blois \u00e0 votre disposition :<\/p>\n<ul>\n<li><a href=\"\/diblois\/files\/accomodation\/diblois_www_information_blois_0001_2018_fr.pdf\">logement_information_blois_0001_2018_fr.pdf<\/a><\/li>\n<\/ul>\n<ul>\n<li><a href=\"\/diblois\/files\/accomodation\/diblois_www_information_blois_0002_2013_fr.pdf\">logement_information_blois_0002_2013_fr.pdf<\/a><\/li>\n<\/ul>\n","protected":false},"excerpt":{"rendered":"<p>Le CROUS de Blois vous propose 4 r\u00e9sidences universitaires et vous accueille au : 10\/12 rue Anne de Bretagne 41000 BLOIS T\u00e9l. : 02 54 78 61 38 Fax : 02 54 78 56 17 M\u00e9l. : blois@crous-orleans-tours.fr Pour en savoir plus, consultez le site Web du CROUS de Blois. Site du CROUS Maison de l\u2019\u00e9tudiant, entr\u00e9e derri\u00e8re le restaurant, face \u00e0 la Loire, 1er \u00e9tage. Ouvert du lundi au vendredi : de 10h \u00e0 13h et de 14h \u00e0&#8230;<\/p>\n<p class=\"read-more\"><a class=\"btn btn-default\" href=\"https:\/\/www.info.univ-tours.fr\/diblois\/se-loger-a-blois\/\"> Read More<span class=\"screen-reader-text\">  Read More<\/span><\/a><\/p>\n","protected":false},"author":1,"featured_media":0,"parent":0,"menu_order":0,"comment_status":"closed","ping_status":"closed","template":"","meta":{"footnotes":""},"class_list":["post-62","page","type-page","status-publish","hentry"],"_links":{"self":[{"href":"https:\/\/www.info.univ-tours.fr\/diblois\/wp-json\/wp\/v2\/pages\/62","targetHints":{"allow":["GET"]}}],"collection":[{"href":"https:\/\/www.info.univ-tours.fr\/diblois\/wp-json\/wp\/v2\/pages"}],"about":[{"href":"https:\/\/www.info.univ-tours.fr\/diblois\/wp-json\/wp\/v2\/types\/page"}],"author":[{"embeddable":true,"href":"https:\/\/www.info.univ-tours.fr\/diblois\/wp-json\/wp\/v2\/users\/1"}],"replies":[{"embeddable":true,"href":"https:\/\/www.info.univ-tours.fr\/diblois\/wp-json\/wp\/v2\/comments?post=62"}],"version-history":[{"count":1,"href":"https:\/\/www.info.univ-tours.fr\/diblois\/wp-json\/wp\/v2\/pages\/62\/revisions"}],"predecessor-version":[{"id":1430,"href":"https:\/\/www.info.univ-tours.fr\/diblois\/wp-json\/wp\/v2\/pages\/62\/revisions\/1430"}],"wp:attachment":[{"href":"https:\/\/www.info.univ-tours.fr\/diblois\/wp-json\/wp\/v2\/media?parent=62"}],"curies":[{"name":"wp","href":"https:\/\/api.w.org\/{rel}","templated":true}]}}