{"id":580,"date":"2016-05-19T16:33:00","date_gmt":"2016-05-19T14:33:00","guid":{"rendered":"http:\/\/www.info.univ-tours.fr\/diblois\/?page_id=580"},"modified":"2016-06-08T15:36:32","modified_gmt":"2016-06-08T13:36:32","slug":"programme-m2-siad","status":"publish","type":"page","link":"https:\/\/www.info.univ-tours.fr\/diblois\/programme-m2-siad\/","title":{"rendered":"Programme &#8211; M2 SIAD"},"content":{"rendered":"<h2>Semestre 3<\/h2>\n<table cellpadding=\"5\" cellspacing=\"0\" class=\"tab-program\" style=\"width:100%\">\n<tbody>\n<tr>\n<th>Unit\u00e9 d&rsquo;enseignement<\/th>\n<th>El\u00e9ments p\u00e9dagogiques<\/th>\n<th>Coeff.<\/th>\n<th>ECTS<\/th>\n<th>CM<\/th>\n<th>TD<\/th>\n<th>TP<\/th>\n<th>Total \/ \u00e9tud.<\/th>\n<th>Charge travail\/\u00e9tudiant<\/th>\n<\/tr>\n<tr>\n<td colspan=\"2\">MASTER SEMESTRE 3<\/td>\n<td colspan=\"2\">Validation<\/td>\n<td colspan=\"5\">Volumes horaires<\/td>\n<\/tr>\n<tr>\n<td rowspan=\"2\">Repr\u00e9sentation et<br \/>\n\t\t\td\u00e9couverte de<br \/>\n\t\t\tConnaissances<\/td>\n<td>Fouille de donn\u00e9es et<br \/>\n\t\t\tApprentissage<\/td>\n<td>3<\/td>\n<td>3<\/td>\n<td>12<\/td>\n<td>10<\/td>\n<td>8<\/td>\n<td>30<\/td>\n<td rowspan=\"2\">120<\/td>\n<\/tr>\n<tr>\n<td>Intelligence Artificielle et<br \/>\n\t\t\tRepr\u00e9sentation des<br \/>\n\t\t\tConnaissances<\/td>\n<td>2<\/td>\n<td>2<\/td>\n<td>10<\/td>\n<td>10<\/td>\n<td>&nbsp;<\/td>\n<td>20<\/td>\n<\/tr>\n<tr>\n<td rowspan=\"2\">Entrep\u00f4ts de donn\u00e9es<\/td>\n<td>Int\u00e9gration et qualit\u00e9 des<br \/>\n\t\t\tDonn\u00e9es<\/td>\n<td>2<\/td>\n<td>2<\/td>\n<td>14<\/td>\n<td>6<\/td>\n<td>&nbsp;<\/td>\n<td>20<\/td>\n<td rowspan=\"2\">120<\/td>\n<\/tr>\n<tr>\n<td>Entrep\u00f4ts de donn\u00e9es<br \/>\n\t\t\t&amp; analyse en ligne<\/td>\n<td>3<\/td>\n<td>3<\/td>\n<td>14<\/td>\n<td>6<\/td>\n<td>10<\/td>\n<td>30<\/td>\n<\/tr>\n<tr>\n<td rowspan=\"2\">Recherche d&rsquo;information<\/td>\n<td>Recherche d&rsquo;information<br \/>\n\t\t\t&amp; traitement automatique des<br \/>\n\t\t\tlangues<\/td>\n<td>4<\/td>\n<td>4<\/td>\n<td>16<\/td>\n<td>8<\/td>\n<td>16<\/td>\n<td>40<\/td>\n<td rowspan=\"2\">120<\/td>\n<\/tr>\n<tr>\n<td>Fouille de textes<\/td>\n<td>1<\/td>\n<td>1<\/td>\n<td>4<\/td>\n<td>4<\/td>\n<td>2<\/td>\n<td>10<\/td>\n<\/tr>\n<tr>\n<td rowspan=\"2\">Technologies web<\/td>\n<td>Services web<\/td>\n<td>2<\/td>\n<td>2<\/td>\n<td>8<\/td>\n<td>4<\/td>\n<td>8<\/td>\n<td>20<\/td>\n<td rowspan=\"2\">120<\/td>\n<\/tr>\n<tr>\n<td>Ing\u00e9nierie des connaissances et<br \/>\n\t\t\tWeb s\u00e9mantique<\/td>\n<td>3<\/td>\n<td>3<\/td>\n<td>14<\/td>\n<td>12<\/td>\n<td>4<\/td>\n<td>30<\/td>\n<\/tr>\n<tr>\n<td rowspan=\"2\">Recherche et innovation<\/td>\n<td>Initiation \u00e0 la recherche<\/td>\n<td>3<\/td>\n<td>3<\/td>\n<td>10<\/td>\n<td>20<\/td>\n<td>&nbsp;<\/td>\n<td>30<\/td>\n<td rowspan=\"2\">120<\/td>\n<\/tr>\n<tr>\n<td>S\u00e9minaires<\/td>\n<td>2<\/td>\n<td>2<\/td>\n<td>20<\/td>\n<td>&nbsp;<\/td>\n<td>&nbsp;<\/td>\n<td>20<\/td>\n<\/tr>\n<tr>\n<td rowspan=\"2\">Formation humaine et \u00e0 l&rsquo;entreprise<\/td>\n<td>Anglais<\/td>\n<td>3<\/td>\n<td>3<\/td>\n<td>10<\/td>\n<td>10<\/td>\n<td>10<\/td>\n<td>30<\/td>\n<td rowspan=\"2\">120<\/td>\n<\/tr>\n<tr>\n<td>Management &amp; entrepreneuriat<\/td>\n<td>2<\/td>\n<td>2<\/td>\n<td>12<\/td>\n<td>8<\/td>\n<td>&nbsp;<\/td>\n<td>20<\/td>\n<\/tr>\n<tr>\n<td>Total Semestre 3<\/td>\n<td>&nbsp;<\/td>\n<td>30<\/td>\n<td>30<\/td>\n<td>144<\/td>\n<td>98<\/td>\n<td>58<\/td>\n<td>300<\/td>\n<td>720<\/td>\n<\/tr>\n<\/tbody>\n<\/table>\n<h2>Semestre 4<\/h2>\n<table cellpadding=\"5\" cellspacing=\"0\" class=\"tab-program\" style=\"width:100%\">\n<tbody>\n<tr>\n<th>Unit\u00e9 d&rsquo;enseignement<\/th>\n<th>El\u00e9ments p\u00e9dagogiques<\/th>\n<th>Coeff.<\/th>\n<th>ECTS<\/th>\n<th>CM<\/th>\n<th>TD<\/th>\n<th>TP<\/th>\n<th>Total \/ \u00e9tud.<\/th>\n<th>Charge travail\/\u00e9tudiant<\/th>\n<\/tr>\n<tr>\n<td colspan=\"2\">MASTER SEMESTRE 4<\/td>\n<td colspan=\"2\">Validation<\/td>\n<td colspan=\"5\">Volumes horaires<\/td>\n<\/tr>\n<tr>\n<td rowspan=\"2\">Projet professionnel et<br \/>\n\t\t\tStage<\/td>\n<td>Stage<\/td>\n<td>30<\/td>\n<td>30<\/td>\n<td>&nbsp;<\/td>\n<td>&nbsp;<\/td>\n<td>&nbsp;<\/td>\n<td>&nbsp;<\/td>\n<td rowspan=\"2\">900<\/td>\n<\/tr>\n<tr>\n<td>Projet professionnel<\/td>\n<td>&nbsp;<\/td>\n<td>&nbsp;<\/td>\n<td>&nbsp;<\/td>\n<td>50<\/td>\n<td>&nbsp;<\/td>\n<td>50<\/td>\n<\/tr>\n<tr>\n<td>Total Semestre 4<\/td>\n<td>&nbsp;<\/td>\n<td>30<\/td>\n<td>30<\/td>\n<td>&nbsp;<\/td>\n<td>50<\/td>\n<td>&nbsp;<\/td>\n<td>50<\/td>\n<td>900<\/td>\n<\/tr>\n<\/tbody>\n<\/table>\n","protected":false},"excerpt":{"rendered":"<p>Semestre 3 Unit\u00e9 d&rsquo;enseignement El\u00e9ments p\u00e9dagogiques Coeff. ECTS CM TD TP Total \/ \u00e9tud. Charge travail\/\u00e9tudiant MASTER SEMESTRE 3 Validation Volumes horaires Repr\u00e9sentation et d\u00e9couverte de Connaissances Fouille de donn\u00e9es et Apprentissage 3 3 12 10 8 30 120 Intelligence Artificielle et Repr\u00e9sentation des Connaissances 2 2 10 10 &nbsp; 20 Entrep\u00f4ts de donn\u00e9es Int\u00e9gration et qualit\u00e9 des Donn\u00e9es 2 2 14 6 &nbsp; 20 120 Entrep\u00f4ts de donn\u00e9es &amp; analyse en ligne 3 3 14 6 10 30 Recherche&#8230;<\/p>\n<p class=\"read-more\"><a class=\"btn btn-default\" href=\"https:\/\/www.info.univ-tours.fr\/diblois\/programme-m2-siad\/\"> Read More<span class=\"screen-reader-text\">  Read More<\/span><\/a><\/p>\n","protected":false},"author":1,"featured_media":0,"parent":0,"menu_order":0,"comment_status":"closed","ping_status":"closed","template":"","meta":{"footnotes":""},"class_list":["post-580","page","type-page","status-publish","hentry"],"_links":{"self":[{"href":"https:\/\/www.info.univ-tours.fr\/diblois\/wp-json\/wp\/v2\/pages\/580","targetHints":{"allow":["GET"]}}],"collection":[{"href":"https:\/\/www.info.univ-tours.fr\/diblois\/wp-json\/wp\/v2\/pages"}],"about":[{"href":"https:\/\/www.info.univ-tours.fr\/diblois\/wp-json\/wp\/v2\/types\/page"}],"author":[{"embeddable":true,"href":"https:\/\/www.info.univ-tours.fr\/diblois\/wp-json\/wp\/v2\/users\/1"}],"replies":[{"embeddable":true,"href":"https:\/\/www.info.univ-tours.fr\/diblois\/wp-json\/wp\/v2\/comments?post=580"}],"version-history":[{"count":0,"href":"https:\/\/www.info.univ-tours.fr\/diblois\/wp-json\/wp\/v2\/pages\/580\/revisions"}],"wp:attachment":[{"href":"https:\/\/www.info.univ-tours.fr\/diblois\/wp-json\/wp\/v2\/media?parent=580"}],"curies":[{"name":"wp","href":"https:\/\/api.w.org\/{rel}","templated":true}]}}