{"id":551,"date":"2016-05-19T15:48:10","date_gmt":"2016-05-19T13:48:10","guid":{"rendered":"http:\/\/www.info.univ-tours.fr\/diblois\/?page_id=551"},"modified":"2016-06-08T15:33:53","modified_gmt":"2016-06-08T13:33:53","slug":"programme-l1-informatique","status":"publish","type":"page","link":"https:\/\/www.info.univ-tours.fr\/diblois\/programme-l1-informatique\/","title":{"rendered":"Programme &#8211; L1 Informatique"},"content":{"rendered":"<div class=\"title\">\n<h2>Semestre 1 &#8211; Parcours g\u00e9n\u00e9ral commun + parcours renforc\u00e9 ECS<\/h2>\n<\/div>\n<table cellpadding=\"0\" cellspacing=\"0\" class=\"tab-program\" style=\"width:100%\">\n<tbody>\n<tr>\n<th>UE<\/th>\n<th>Unit\u00e9s d\u2019enseignement(<em>+ El\u00e9ments p\u00e9dagogiques<\/em>)<\/th>\n<th>Coef<\/th>\n<th>ECTS<\/th>\n<th>CM<\/th>\n<th>TD<\/th>\n<th>TP<\/th>\n<th>Total \/ \u00e9tud.<\/th>\n<th>Charge<br \/>\n\t\t\ttravail\/\u00e9tudiant<\/th>\n<\/tr>\n<tr>\n<td colspan=\"2\"><strong>LICENCE SEMESTRE 1 \u2013 MENTION INFORMATIQUE<\/strong><\/td>\n<td colspan=\"2\">validation<\/td>\n<td colspan=\"5\">Volumes horaires<\/td>\n<\/tr>\n<tr>\n<td><strong>UE 1-6<\/strong><\/td>\n<td>Outils de communication<br \/>\n\t\t\t&#8211; EP 1 &#8211; Anglais <strong>(CNU 11)<\/strong><br \/>\n\t\t\t&#8211; EP 2 &#8211; Comp\u00e9tences num\u00e9riques<\/td>\n<td>1(0,5)(0,5)<\/td>\n<td>3(2)(1)<\/td>\n<td>\n\t\t\t&nbsp;<\/td>\n<td>22(22)<\/td>\n<td>10<br \/>\n\t\t\t(10)<\/td>\n<td>32(22)(10)<\/td>\n<td>40<\/td>\n<\/tr>\n<tr>\n<td><strong>UE 1-5<\/strong><\/td>\n<td>M\u00e9thodologie : ateliers p\u00e9dagogiques<\/td>\n<td>1<\/td>\n<td>3<\/td>\n<td>&nbsp;<\/td>\n<td>&nbsp;<\/td>\n<td>16<\/td>\n<td>16<\/td>\n<td>20<\/td>\n<\/tr>\n<tr>\n<td><strong>UE 1-4<\/strong><\/td>\n<td>El\u00e9ments de physique g\u00e9n\u00e9rale <strong>(CNU 35)<\/strong><\/td>\n<td>3<\/td>\n<td>7<\/td>\n<td>&nbsp;<\/td>\n<td>57<\/td>\n<td>12<\/td>\n<td>69<\/td>\n<td>100<\/td>\n<\/tr>\n<tr>\n<td><strong>UE 1-3<\/strong><\/td>\n<td>Math\u00e9matiques <strong>(CNU 25)<\/strong><\/td>\n<td>3<\/td>\n<td>7<\/td>\n<td>&nbsp;<\/td>\n<td>78<\/td>\n<td>&nbsp;<\/td>\n<td>78<\/td>\n<td>100<\/td>\n<\/tr>\n<tr>\n<td><strong>UE 1-2<\/strong><\/td>\n<td>Algorithmique et langages du Web<\/td>\n<td>2<\/td>\n<td>5<\/td>\n<td>&nbsp;<\/td>\n<td>22<\/td>\n<td>24<\/td>\n<td>46<\/td>\n<td>70<\/td>\n<\/tr>\n<tr>\n<td><strong>UE 1-1<\/strong><\/td>\n<td><strong>Option<\/strong> : chimie ou logique pour l\u2019informatique<\/td>\n<td>2<\/td>\n<td>5<\/td>\n<td>&nbsp;<\/td>\n<td>30<\/td>\n<td>15<\/td>\n<td>45<\/td>\n<td>70<\/td>\n<\/tr>\n<tr>\n<td><strong>TOTAL<\/strong><\/td>\n<td><strong>Total semestre 1 hors parcours renforc\u00e9s<\/strong><\/td>\n<td><strong>12<\/strong><\/td>\n<td><strong>30<\/strong><\/td>\n<td>&nbsp;<\/td>\n<td><strong>209<\/strong><\/td>\n<td><strong>77<\/strong><\/td>\n<td><strong>286<\/strong><\/td>\n<td><strong>400<\/strong><\/td>\n<\/tr>\n<tr>\n<td>UE 1-R<\/td>\n<td><strong>Parcours ECS<\/strong> : Langue Vivante 2<\/td>\n<td>0<\/td>\n<td>0<\/td>\n<td>&nbsp;<\/td>\n<td>20<\/td>\n<td>&nbsp;<\/td>\n<td>20<\/td>\n<td>30<\/td>\n<\/tr>\n<\/tbody>\n<\/table>\n<div class=\"title\">\n<h2>Semestre 2 &#8211; Parcours g\u00e9n\u00e9ral commun + parcours renforc\u00e9 ECS<\/h2>\n<\/div>\n<table cellpadding=\"0\" cellspacing=\"0\" class=\"tab-program\" style=\"width:100%\">\n<tbody>\n<tr>\n<th>UE<\/th>\n<th>Unit\u00e9s d\u2019enseignement(<em>+ El\u00e9ments p\u00e9dagogiques<\/em>)<\/th>\n<th>Coef<\/th>\n<th>ECTS<\/th>\n<th>CM<\/th>\n<th>TD<\/th>\n<th>TP<\/th>\n<th>Total \/ \u00e9tud.<\/th>\n<th>Charge<br \/>\n\t\t\ttravail\/\u00e9tudiant<\/th>\n<\/tr>\n<tr>\n<td colspan=\"2\"><strong>LICENCE SEMESTRE 2 \u2013 MENTION INFORMATIQUE<\/strong><\/td>\n<td colspan=\"2\">Validation<\/td>\n<td colspan=\"5\">Volumes horaires<\/td>\n<\/tr>\n<tr>\n<td><strong>UE 2-7<\/strong><\/td>\n<td>Anglais <strong>(CNU 11)<\/strong><\/td>\n<td>1<\/td>\n<td>3<\/td>\n<td>&nbsp;<\/td>\n<td>22<\/td>\n<td>&nbsp;<\/td>\n<td>22<\/td>\n<td>25<\/td>\n<\/tr>\n<tr>\n<td><strong>UE 2-6<\/strong><\/td>\n<td>Projet de valorisation personnelle<br \/>\n\t\t\t&#8211; EP1 MOBIL<br \/>\n\t\t\t&#8211; EP d\u2019ouverture<\/td>\n<td>1(0)(1)<\/td>\n<td>3(0)(3)<\/td>\n<td>&nbsp;<\/td>\n<td>30(10)(20)<\/td>\n<td>&nbsp;<\/td>\n<td>30(10)(20)<\/td>\n<td>40<\/td>\n<\/tr>\n<tr>\n<td><strong>UE 2-4<\/strong><\/td>\n<td>Option Electrostatique ou Programmation fonctionnelle<\/td>\n<td>2<\/td>\n<td>5<\/td>\n<td>16<\/td>\n<td>16<\/td>\n<td>12<\/td>\n<td>44<\/td>\n<td>70<\/td>\n<\/tr>\n<tr>\n<td><strong>UE 2-5<\/strong><\/td>\n<td>Option Maths <strong>(CNU 25) <\/strong>ou G\u00e9nie logiciel<\/td>\n<td>1<\/td>\n<td>3<\/td>\n<td>&nbsp;<\/td>\n<td>12<\/td>\n<td>12<\/td>\n<td>24<\/td>\n<td>35<\/td>\n<\/tr>\n<tr>\n<td><strong>UE 2-3<\/strong><\/td>\n<td>Structures de donn\u00e9es et de programme<\/td>\n<td>2<\/td>\n<td>4<\/td>\n<td>&nbsp;<\/td>\n<td>18<\/td>\n<td>18<\/td>\n<td>36<\/td>\n<td>50<\/td>\n<\/tr>\n<tr>\n<td><strong>UE 2-2<\/strong><\/td>\n<td>Maths : analyse 2 <strong>(CNU 25)<\/strong><\/td>\n<td>3<\/td>\n<td>6<\/td>\n<td>24<\/td>\n<td>41<\/td>\n<td>&nbsp;<\/td>\n<td>65<\/td>\n<td>90<\/td>\n<\/tr>\n<tr>\n<td><strong>UE 2-1<\/strong><\/td>\n<td>Maths : alg\u00e8bre 2<strong>(CNU 25)<\/strong><\/td>\n<td>3<\/td>\n<td>6<\/td>\n<td>24<\/td>\n<td>41<\/td>\n<td>&nbsp;<\/td>\n<td>65<\/td>\n<td>90<\/td>\n<\/tr>\n<tr>\n<td><strong>TOTAL<\/strong><\/td>\n<td><strong>Total semestre 2 hors parcours renforc\u00e9s<\/strong><\/td>\n<td><strong>13<\/strong><\/td>\n<td><strong>30<\/strong><\/td>\n<td><strong>64<\/strong><\/td>\n<td><strong>178<\/strong><\/td>\n<td><strong>42<\/strong><\/td>\n<td><strong>286<\/strong><\/td>\n<td><strong>400<\/strong><\/td>\n<\/tr>\n<tr>\n<td>UE 2-R<\/td>\n<td>Parcours ECS<strong> : Langue Vivante 2<\/strong><\/td>\n<td>0<\/td>\n<td>0<\/td>\n<td>&nbsp;<\/td>\n<td>20<\/td>\n<td>&nbsp;<\/td>\n<td>20<\/td>\n<td><strong>30<\/strong><\/td>\n<\/tr>\n<\/tbody>\n<\/table>\n","protected":false},"excerpt":{"rendered":"<p>Semestre 1 &#8211; Parcours g\u00e9n\u00e9ral commun + parcours renforc\u00e9 ECS UE Unit\u00e9s d\u2019enseignement(+ El\u00e9ments p\u00e9dagogiques) Coef ECTS CM TD TP Total \/ \u00e9tud. Charge travail\/\u00e9tudiant LICENCE SEMESTRE 1 \u2013 MENTION INFORMATIQUE validation Volumes horaires UE 1-6 Outils de communication &#8211; EP 1 &#8211; Anglais (CNU 11) &#8211; EP 2 &#8211; Comp\u00e9tences num\u00e9riques 1(0,5)(0,5) 3(2)(1) &nbsp; 22(22) 10 (10) 32(22)(10) 40 UE 1-5 M\u00e9thodologie : ateliers p\u00e9dagogiques 1 3 &nbsp; &nbsp; 16 16 20 UE 1-4 El\u00e9ments de physique g\u00e9n\u00e9rale (CNU&#8230;<\/p>\n<p class=\"read-more\"><a class=\"btn btn-default\" href=\"https:\/\/www.info.univ-tours.fr\/diblois\/programme-l1-informatique\/\"> Read More<span class=\"screen-reader-text\">  Read More<\/span><\/a><\/p>\n","protected":false},"author":1,"featured_media":0,"parent":0,"menu_order":0,"comment_status":"closed","ping_status":"closed","template":"","meta":{"footnotes":""},"class_list":["post-551","page","type-page","status-publish","hentry"],"_links":{"self":[{"href":"https:\/\/www.info.univ-tours.fr\/diblois\/wp-json\/wp\/v2\/pages\/551","targetHints":{"allow":["GET"]}}],"collection":[{"href":"https:\/\/www.info.univ-tours.fr\/diblois\/wp-json\/wp\/v2\/pages"}],"about":[{"href":"https:\/\/www.info.univ-tours.fr\/diblois\/wp-json\/wp\/v2\/types\/page"}],"author":[{"embeddable":true,"href":"https:\/\/www.info.univ-tours.fr\/diblois\/wp-json\/wp\/v2\/users\/1"}],"replies":[{"embeddable":true,"href":"https:\/\/www.info.univ-tours.fr\/diblois\/wp-json\/wp\/v2\/comments?post=551"}],"version-history":[{"count":0,"href":"https:\/\/www.info.univ-tours.fr\/diblois\/wp-json\/wp\/v2\/pages\/551\/revisions"}],"wp:attachment":[{"href":"https:\/\/www.info.univ-tours.fr\/diblois\/wp-json\/wp\/v2\/media?parent=551"}],"curies":[{"name":"wp","href":"https:\/\/api.w.org\/{rel}","templated":true}]}}