{"id":55,"date":"2013-07-16T11:42:08","date_gmt":"2013-07-16T09:42:08","guid":{"rendered":"http:\/\/www.info.univ-tours.fr\/diblois\/stages\/"},"modified":"2019-03-07T13:35:10","modified_gmt":"2019-03-07T12:35:10","slug":"stages","status":"publish","type":"page","link":"https:\/\/www.info.univ-tours.fr\/diblois\/stages\/","title":{"rendered":"Stages"},"content":{"rendered":"<h2>Pr\u00e9sentation<\/h2>\n<p>Le D\u00e9partement Informatique de l&rsquo;Universit\u00e9 Fran\u00e7ois Rabelais est attach\u00e9 au caract\u00e8re professionnalisant de ses formations. C&rsquo;est ainsi que tous les cursus propos\u00e9s par le D\u00e9partement se concluent par un stage obligatoire de fin d&rsquo;\u00e9tude en entreprise :<\/p>\n<ul>\n<li><a href=\"\/diblois\/licence-informatique\">Licence Informatique<\/a><\/li>\n<li><a href=\"\/diblois\/licence-pro-qssi\">Licence Professionnelle QSSI<\/a> (Qualit\u00e9 et S\u00e9curit\u00e9 des Syst\u00e8mes d&rsquo;Information)<\/li>\n<\/ul>\n<p><a href=\"\/diblois\/contact\/\">B\u00e9atrice Bouchou-Markhoff<\/a> et <a href=\"\/diblois\/contact\/\">Patrick Marcel<\/a> sont depuis septembre 2009 responsables des stages pour le D\u00e9partement. Cette page fournit des renseignements sur les stages \u00e0 destination des \u00e9tudiants et professionnels. La Licence Professionnelle QSSI \u00e9tant g\u00e9r\u00e9e conjointement avec l&rsquo;IUT de Blois, les stages sont g\u00e9r\u00e9s par cet \u00e9tablissement.<\/p>\n<h2>Profesionnels<\/h2>\n<p>Vous d\u00e9sirez proposer un sujet de stage dans votre entreprise ? Quelques renseignements pour mieux vous informer sur ce que peuvent vous apporter nos \u00e9tudiants.<\/p>\n<h4>Comp\u00e9tences de nos \u00e9tudiants<\/h4>\n<p>Nos \u00e9tudiants de Licence Informatique poss\u00e8dent les connaissances fondamentales en informatique et ont des comp\u00e9tences de niveau technicien sup\u00e9rieur dans ce domaine.<\/p>\n<p>Nos \u00e9tudiants de Master sont des \u00e9tudiants de niveau ing\u00e9nieur sp\u00e9cialis\u00e9s avant tout dans les syst\u00e8mes d&rsquo;informations, l&rsquo;aide \u00e0 la d\u00e9cision, les technologies du Web et le g\u00e9nie logiciel.<\/p>\n<p>Pour plus de renseignements, vous pouvez consulter le contenu de nos cursus :<\/p>\n<ul>\n<li><a href=\"\/diblois\/licence-informatique\">Licence Informatique<\/a><\/li>\n<li><a href=\"\/diblois\/licence-pro-qssi\">Licence Professionnelle QSSI<\/a> (Qualit\u00e9 et S\u00e9curit\u00e9 des Syst\u00e8mes d&rsquo;Information)<\/li>\n<\/ul>\n<h4>P\u00e9riodes de stage<\/h4>\n<p>Les p\u00e9riodes de stage sont les suivantes :<\/p>\n<ul>\n<li>Licence Informatique : de Mai \u00e0 Juillet\/Aout<\/li>\n<li>Master Informatique : de F\u00e9vrier \u00e0 Aout<\/li>\n<\/ul>\n<p>D\u00e8s Novembre, vous pouvez nous communiquer vos sujets de stage.<\/p>\n<h4>Validation du sujet de stage<\/h4>\n<p>Chaque stage \u00e9tant conventionn\u00e9, il appartient au futur stagiaire de faire valider son sujet de stage dans le but d&rsquo;\u00e9tablir la convention.<\/p>\n<p><!--Si vous \u00eates sur le point de finaliser un stage avec un de nos \u00e9tudiants, merci d'\u00e9tablir la fiche de renseignements suivante que l'\u00e9tudiant transmettra au D\u00e9partement pour validation :\n\nT\u00e9l\u00e9charger la fiche de renseignement: Formats <a title=\"STAGE_FICHE_RENSEIGNEMENT.doc\" href=\"\/files\/etu\/stages\/STAGE_FICHE_RENSEIGNEMENT.doc\">MS Word<\/a> - <a title=\"STAGE_FICHE_RENSEIGNEMENT.odt\" href=\"\/files\/etu\/stages\/STAGE_FICHE_RENSEIGNEMENT.odt\">OpenOffice<\/a> - <a title=\"STAGE_FICHE_RENSEIGNEMENT.pdf\" href=\"\/files\/etu\/stages\/STAGE_FICHE_RENSEIGNEMENT.pdf\">PDF<\/a>--><\/p>\n<p>Pour tout renseignement compl\u00e9mentaire, vous pouvez contacter <a href=\"\/diblois\/contact\/\">B\u00e9atrice Bouchou-Markhoff<\/a> et\/ou <a href=\"\/diblois\/contact\/\">Patrick Marcel<\/a>.<\/p>\n<h2>Etudiants<\/h2>\n<p>Vous trouverez dans cette section quelques documents qui vous aideront dans le d\u00e9roulement administratif de votre stage.<\/p>\n","protected":false},"excerpt":{"rendered":"<p>Pr\u00e9sentation Le D\u00e9partement Informatique de l&rsquo;Universit\u00e9 Fran\u00e7ois Rabelais est attach\u00e9 au caract\u00e8re professionnalisant de ses formations. C&rsquo;est ainsi que tous les cursus propos\u00e9s par le D\u00e9partement se concluent par un stage obligatoire de fin d&rsquo;\u00e9tude en entreprise : Licence Informatique Licence Professionnelle QSSI (Qualit\u00e9 et S\u00e9curit\u00e9 des Syst\u00e8mes d&rsquo;Information) B\u00e9atrice Bouchou-Markhoff et Patrick Marcel sont depuis septembre 2009 responsables des stages pour le D\u00e9partement. Cette page fournit des renseignements sur les stages \u00e0 destination des \u00e9tudiants et professionnels. La Licence&#8230;<\/p>\n<p class=\"read-more\"><a class=\"btn btn-default\" href=\"https:\/\/www.info.univ-tours.fr\/diblois\/stages\/\"> Read More<span class=\"screen-reader-text\">  Read More<\/span><\/a><\/p>\n","protected":false},"author":1,"featured_media":0,"parent":0,"menu_order":0,"comment_status":"closed","ping_status":"closed","template":"","meta":{"footnotes":""},"class_list":["post-55","page","type-page","status-publish","hentry"],"_links":{"self":[{"href":"https:\/\/www.info.univ-tours.fr\/diblois\/wp-json\/wp\/v2\/pages\/55","targetHints":{"allow":["GET"]}}],"collection":[{"href":"https:\/\/www.info.univ-tours.fr\/diblois\/wp-json\/wp\/v2\/pages"}],"about":[{"href":"https:\/\/www.info.univ-tours.fr\/diblois\/wp-json\/wp\/v2\/types\/page"}],"author":[{"embeddable":true,"href":"https:\/\/www.info.univ-tours.fr\/diblois\/wp-json\/wp\/v2\/users\/1"}],"replies":[{"embeddable":true,"href":"https:\/\/www.info.univ-tours.fr\/diblois\/wp-json\/wp\/v2\/comments?post=55"}],"version-history":[{"count":1,"href":"https:\/\/www.info.univ-tours.fr\/diblois\/wp-json\/wp\/v2\/pages\/55\/revisions"}],"predecessor-version":[{"id":1439,"href":"https:\/\/www.info.univ-tours.fr\/diblois\/wp-json\/wp\/v2\/pages\/55\/revisions\/1439"}],"wp:attachment":[{"href":"https:\/\/www.info.univ-tours.fr\/diblois\/wp-json\/wp\/v2\/media?parent=55"}],"curies":[{"name":"wp","href":"https:\/\/api.w.org\/{rel}","templated":true}]}}