{"id":54,"date":"2013-07-11T08:43:39","date_gmt":"2013-07-11T06:43:39","guid":{"rendered":""},"modified":"2016-06-07T16:28:58","modified_gmt":"2016-06-07T14:28:58","slug":"debouches","status":"publish","type":"page","link":"https:\/\/www.info.univ-tours.fr\/diblois\/debouches\/","title":{"rendered":"D\u00e9bouch\u00e9s"},"content":{"rendered":"<p>Chaque ann\u00e9e depuis 2010, le d\u00e9partement conduit des enqu\u00eates visant \u00e0 connaitre les d\u00e9bouch\u00e9s des \u00e9tudiants dipl\u00f4m\u00e9s du Master SIAD. Pour la promotion 2009-2010 du M2 SIAD, 95% des \u00e9tudiants ont trouv\u00e9 un emploi en CDI et 5% continuent leurs \u00e9tudes, et pour la promotion 2010-2011, 100% des \u00e9tudiants ont trouv\u00e9 un emploi en CDI.<\/p>\n<p>Pour la promotion 2011-2012 du M2 SIAD:<\/p>\n<ul>\n<li>61% des \u00e9tudiants ont trouv\u00e9 un emploi avant d&rsquo;\u00eatre dipl\u00f4m\u00e9 (dans la foul\u00e9e de leur stage de fin d&rsquo;\u00e9tude)<\/li>\n<li>72% avaient trouv\u00e9 un emploi dans les 3 mois suivant l&rsquo;obtention de leur dipl\u00f4me<\/li>\n<li>89% avaient trouv\u00e9 un emploi dans les 6 mois suivant l&rsquo;obtention de leur dipl\u00f4me<\/li>\n<\/ul>\n<p>Le salaire annuel moyen brut au premier emploi est de 28200 Euros, avec une variation entre 27300 euros (minimum) et 37800 Euros (maximum). La r\u00e9gion centre est le principal bassin d&#8217;emploi (entre 42 et 57% des \u00e9tudiants). Les premi\u00e8res fonctions occup\u00e9es sont majoritairement des fonctions de consultant d\u00e9cisionnel et d&rsquo;ing\u00e9nieur d&rsquo;\u00e9tudes.<\/p>\n<p>Pour la promotion 2012-2013, plus de 66% des \u00e9tudiants de M2 ont une proposition de CDI \u00e0 l&rsquo;issu de la formation.<\/p>\n<ul>\n<li>88% des \u00e9tudiants ont trouv\u00e9 avant m\u00eame d&rsquo;\u00eatre dipl\u00f4m\u00e9s<\/li>\n<li>6% ont trouv\u00e9 un emploi dans les 6 mois<\/li>\n<li>6% sont en poste \u00e0 l&rsquo;\u00e9tranger<\/li>\n<\/ul>\n<p>Leurs salaire annuel moyen brut est de 30571\u20ac, avec une variation allant d&rsquo;un minimum de 28500\u20ac \u00e0 un salaire maximum qui s&rsquo;\u00e9l\u00e8ve \u00e0 35000\u20ac annuel brut.<\/p>\n","protected":false},"excerpt":{"rendered":"<p>Chaque ann\u00e9e depuis 2010, le d\u00e9partement conduit des enqu\u00eates visant \u00e0 connaitre les d\u00e9bouch\u00e9s des \u00e9tudiants dipl\u00f4m\u00e9s du Master SIAD. Pour la promotion 2009-2010 du M2 SIAD, 95% des \u00e9tudiants ont trouv\u00e9 un emploi en CDI et 5% continuent leurs \u00e9tudes, et pour la promotion 2010-2011, 100% des \u00e9tudiants ont trouv\u00e9 un emploi en CDI. Pour la promotion 2011-2012 du M2 SIAD: 61% des \u00e9tudiants ont trouv\u00e9 un emploi avant d&rsquo;\u00eatre dipl\u00f4m\u00e9 (dans la foul\u00e9e de leur stage de fin&#8230;<\/p>\n<p class=\"read-more\"><a class=\"btn btn-default\" href=\"https:\/\/www.info.univ-tours.fr\/diblois\/debouches\/\"> Read More<span class=\"screen-reader-text\">  Read More<\/span><\/a><\/p>\n","protected":false},"author":1,"featured_media":0,"parent":0,"menu_order":0,"comment_status":"closed","ping_status":"closed","template":"","meta":{"footnotes":""},"class_list":["post-54","page","type-page","status-publish","hentry"],"_links":{"self":[{"href":"https:\/\/www.info.univ-tours.fr\/diblois\/wp-json\/wp\/v2\/pages\/54","targetHints":{"allow":["GET"]}}],"collection":[{"href":"https:\/\/www.info.univ-tours.fr\/diblois\/wp-json\/wp\/v2\/pages"}],"about":[{"href":"https:\/\/www.info.univ-tours.fr\/diblois\/wp-json\/wp\/v2\/types\/page"}],"author":[{"embeddable":true,"href":"https:\/\/www.info.univ-tours.fr\/diblois\/wp-json\/wp\/v2\/users\/1"}],"replies":[{"embeddable":true,"href":"https:\/\/www.info.univ-tours.fr\/diblois\/wp-json\/wp\/v2\/comments?post=54"}],"version-history":[{"count":0,"href":"https:\/\/www.info.univ-tours.fr\/diblois\/wp-json\/wp\/v2\/pages\/54\/revisions"}],"wp:attachment":[{"href":"https:\/\/www.info.univ-tours.fr\/diblois\/wp-json\/wp\/v2\/media?parent=54"}],"curies":[{"name":"wp","href":"https:\/\/api.w.org\/{rel}","templated":true}]}}