{"id":53,"date":"2013-07-11T08:43:01","date_gmt":"2013-07-11T06:43:01","guid":{"rendered":""},"modified":"2019-03-19T12:29:43","modified_gmt":"2019-03-19T11:29:43","slug":"presse","status":"publish","type":"page","link":"https:\/\/www.info.univ-tours.fr\/diblois\/presse\/","title":{"rendered":"Presse"},"content":{"rendered":"<ul>\n<li><a href=\"https:\/\/www.lanouvellerepublique.fr\/blois\/des-start-up-pour-le-climat\" target=\"_blank\" rel=\"noopener noreferrer\">Startup Week-end de Blois<\/a> &#8211; <span style=\"color: #8c8c8c;\">La Nouvelle R\u00e9publique &#8211; 19 mars 2019<\/span><\/li>\n<li><a href=\"\/diblois\/files\/presse\/diblois_www_nr_20131001.pdf\" target=\"_blank\" rel=\"noopener noreferrer\">Etudier \u00e0 l&rsquo;international<\/a> &#8211; <span style=\"color: #8c8c8c;\">La Nouvelle R\u00e9publique &#8211; 01 Octobre 2013<\/span><\/li>\n<li><a href=\"\/diblois\/files\/presse\/diblois_www_nr_260313.pdf\" target=\"_blank\" rel=\"noopener noreferrer\">Les premiers Masters Erasmus Mundus<\/a> &#8211; <span style=\"color: #8c8c8c;\">La Nouvelle R\u00e9publique &#8211; 26 Mars 2013<\/span><\/li>\n<li><a href=\"\/diblois\/files\/presse\/diblois_www_nr_120313_2.pdf\" target=\"_blank\" rel=\"noopener noreferrer\">Erasmus \u00e0 l&rsquo;international<\/a> &#8211; <span style=\"color: #8c8c8c;\">La Nouvelle R\u00e9publique &#8211; 12 Mars 2013<\/span><\/li>\n<li><a href=\"\/diblois\/files\/presse\/diblois_www_nr_120313_1.pdf\" target=\"_blank\" rel=\"noopener noreferrer\">Continuer sur la lanc\u00e9e<\/a> &#8211; <span style=\"color: #8c8c8c;\">La Nouvelle R\u00e9publique &#8211; 12 Mars 2013<\/span><\/li>\n<li><a href=\"\/diblois\/files\/presse\/diblois_www_lpb_110213.pdf\" target=\"_blank\" rel=\"noopener noreferrer\">Master informatique \u00e0 l&rsquo;universit\u00e9 Fran\u00e7ois-Rabelais Blois dans le peloton du cursus d&rsquo;excellence europ\u00e9en<\/a> &#8211; <span style=\"color: #8c8c8c;\">Le Petit Blaisois &#8211; 11 F\u00e9vrier 2013<\/span><\/li>\n<li><a href=\"\/diblois\/files\/presse\/diblois_www_nr_060213.pdf\" target=\"_blank\" rel=\"noopener noreferrer\">Etudiants informaticiens venus \u00e0 bout du monde<\/a> &#8211; <span style=\"color: #8c8c8c;\">La Nouvelle R\u00e9publique &#8211; 06 F\u00e9vrier 2013<\/span><\/li>\n<li><a href=\"\/diblois\/files\/presse\/diblois_www_nr_040712.pdf\" target=\"_blank\" rel=\"noopener noreferrer\">Un master international de Bruxelles \u00e0 Blois<\/a> &#8211; <span style=\"color: #8c8c8c;\">La Nouvelle R\u00e9publique &#8211; 04 Juillet 2012<\/span><\/li>\n<li><a href=\"\/diblois\/files\/presse\/diblois_www_nr_260111_3.pdf\" target=\"_blank\" rel=\"noopener noreferrer\">Le master SIAD correspond parfaitement aux nouvelles attentes de l&rsquo;informatique<\/a> &#8211; <span style=\"color: #8c8c8c;\">La Nouvelle R\u00e9publique &#8211; 26 Janvier 2011<\/span><\/li>\n<li><a href=\"\/diblois\/files\/presse\/diblois_www_nr_260111_2.pdf\" target=\"_blank\" rel=\"noopener noreferrer\">J&rsquo;ai \u00e9t\u00e9 s\u00e9duit par les m\u00e9tiers de l&rsquo;informatique<\/a> &#8211; <span style=\"color: #8c8c8c;\">La Nouvelle R\u00e9publique &#8211; 26 Janvier 2011<\/span><\/li>\n<li><a href=\"\/diblois\/files\/presse\/diblois_www_nr_260111_1.pdf\" target=\"_blank\" rel=\"noopener noreferrer\">Quand l&rsquo;informatique guide les entreprises<\/a> &#8211; <span style=\"color: #8c8c8c;\">La Nouvelle R\u00e9publique &#8211; 26 Janvier 2011<\/span><\/li>\n<\/ul>\n","protected":false},"excerpt":{"rendered":"<p>Startup Week-end de Blois &#8211; La Nouvelle R\u00e9publique &#8211; 19 mars 2019 Etudier \u00e0 l&rsquo;international &#8211; La Nouvelle R\u00e9publique &#8211; 01 Octobre 2013 Les premiers Masters Erasmus Mundus &#8211; La Nouvelle R\u00e9publique &#8211; 26 Mars 2013 Erasmus \u00e0 l&rsquo;international &#8211; La Nouvelle R\u00e9publique &#8211; 12 Mars 2013 Continuer sur la lanc\u00e9e &#8211; La Nouvelle R\u00e9publique &#8211; 12 Mars 2013 Master informatique \u00e0 l&rsquo;universit\u00e9 Fran\u00e7ois-Rabelais Blois dans le peloton du cursus d&rsquo;excellence europ\u00e9en &#8211; Le Petit Blaisois &#8211; 11 F\u00e9vrier 2013&#8230;<\/p>\n<p class=\"read-more\"><a class=\"btn btn-default\" href=\"https:\/\/www.info.univ-tours.fr\/diblois\/presse\/\"> Read More<span class=\"screen-reader-text\">  Read More<\/span><\/a><\/p>\n","protected":false},"author":1,"featured_media":0,"parent":0,"menu_order":0,"comment_status":"closed","ping_status":"closed","template":"","meta":{"footnotes":""},"class_list":["post-53","page","type-page","status-publish","hentry"],"_links":{"self":[{"href":"https:\/\/www.info.univ-tours.fr\/diblois\/wp-json\/wp\/v2\/pages\/53","targetHints":{"allow":["GET"]}}],"collection":[{"href":"https:\/\/www.info.univ-tours.fr\/diblois\/wp-json\/wp\/v2\/pages"}],"about":[{"href":"https:\/\/www.info.univ-tours.fr\/diblois\/wp-json\/wp\/v2\/types\/page"}],"author":[{"embeddable":true,"href":"https:\/\/www.info.univ-tours.fr\/diblois\/wp-json\/wp\/v2\/users\/1"}],"replies":[{"embeddable":true,"href":"https:\/\/www.info.univ-tours.fr\/diblois\/wp-json\/wp\/v2\/comments?post=53"}],"version-history":[{"count":1,"href":"https:\/\/www.info.univ-tours.fr\/diblois\/wp-json\/wp\/v2\/pages\/53\/revisions"}],"predecessor-version":[{"id":1519,"href":"https:\/\/www.info.univ-tours.fr\/diblois\/wp-json\/wp\/v2\/pages\/53\/revisions\/1519"}],"wp:attachment":[{"href":"https:\/\/www.info.univ-tours.fr\/diblois\/wp-json\/wp\/v2\/media?parent=53"}],"curies":[{"name":"wp","href":"https:\/\/api.w.org\/{rel}","templated":true}]}}