{"id":47,"date":"2013-06-18T09:40:19","date_gmt":"2013-06-18T07:40:19","guid":{"rendered":""},"modified":"2016-06-07T16:17:59","modified_gmt":"2016-06-07T14:17:59","slug":"anciens","status":"publish","type":"page","link":"https:\/\/www.info.univ-tours.fr\/diblois\/anciens\/","title":{"rendered":"Anciens"},"content":{"rendered":"<p>Vous pouvez retrouver sur cette page, diff\u00e9rents t\u00e9moignages de nos anciens \u00e9tudiants, maintenant pleinement int\u00e9gr\u00e9s au monde de l&rsquo;entreprise.<\/p>\n<p>Nous vous pr\u00e9sentons ici le t\u00e9moignage de quelques uns.<\/p>\n<table>\n<tbody>\n<tr>\n<td>\n<div class=\"img\"><a href=\"\/diblois\/fr\/arnaud-lefevre\/\"><img loading=\"lazy\" decoding=\"async\" class=\"wp-image-303 size-full alignnone\" src=\"\/diblois\/files\/former\/diblois_www_arnaud_lefevre.jpg\" alt=\"Arnaud Lef\u00e8vre\" width=\"200\" height=\"200\" \/><\/a><\/div>\n<\/td>\n<td>\n<p style=\"text-align: left;\"><a href=\"\/diblois\/fr\/arnaud-lefevre\" target=\"_blank\">J\u2019ai \u00e9t\u00e9 s\u00e9duit par les m\u00e9tiers de l\u2019informatique<\/a><br \/>\nArnaud, 25 ans, dipl\u00f4m\u00e9 d&rsquo;un master du p\u00f4le informatique de Blois est ing\u00e9nieur dans une entreprise tourangelle.<\/p>\n<\/td>\n<\/tr>\n<\/tbody>\n<\/table>\n","protected":false},"excerpt":{"rendered":"<p>Vous pouvez retrouver sur cette page, diff\u00e9rents t\u00e9moignages de nos anciens \u00e9tudiants, maintenant pleinement int\u00e9gr\u00e9s au monde de l&rsquo;entreprise. Nous vous pr\u00e9sentons ici le t\u00e9moignage de quelques uns. J\u2019ai \u00e9t\u00e9 s\u00e9duit par les m\u00e9tiers de l\u2019informatique Arnaud, 25 ans, dipl\u00f4m\u00e9 d&rsquo;un master du p\u00f4le informatique de Blois est ing\u00e9nieur dans une entreprise tourangelle.<\/p>\n","protected":false},"author":1,"featured_media":0,"parent":0,"menu_order":0,"comment_status":"closed","ping_status":"closed","template":"","meta":{"footnotes":""},"class_list":["post-47","page","type-page","status-publish","hentry"],"_links":{"self":[{"href":"https:\/\/www.info.univ-tours.fr\/diblois\/wp-json\/wp\/v2\/pages\/47","targetHints":{"allow":["GET"]}}],"collection":[{"href":"https:\/\/www.info.univ-tours.fr\/diblois\/wp-json\/wp\/v2\/pages"}],"about":[{"href":"https:\/\/www.info.univ-tours.fr\/diblois\/wp-json\/wp\/v2\/types\/page"}],"author":[{"embeddable":true,"href":"https:\/\/www.info.univ-tours.fr\/diblois\/wp-json\/wp\/v2\/users\/1"}],"replies":[{"embeddable":true,"href":"https:\/\/www.info.univ-tours.fr\/diblois\/wp-json\/wp\/v2\/comments?post=47"}],"version-history":[{"count":0,"href":"https:\/\/www.info.univ-tours.fr\/diblois\/wp-json\/wp\/v2\/pages\/47\/revisions"}],"wp:attachment":[{"href":"https:\/\/www.info.univ-tours.fr\/diblois\/wp-json\/wp\/v2\/media?parent=47"}],"curies":[{"name":"wp","href":"https:\/\/api.w.org\/{rel}","templated":true}]}}