{"id":46,"date":"2013-06-14T16:24:32","date_gmt":"2013-06-14T14:24:32","guid":{"rendered":""},"modified":"2022-06-24T11:37:28","modified_gmt":"2022-06-24T09:37:28","slug":"projet","status":"publish","type":"page","link":"https:\/\/www.info.univ-tours.fr\/diblois\/projet\/","title":{"rendered":"Projets"},"content":{"rendered":"<p>En informatique, les \u00e9tudiants doivent acqu\u00e9rir des connaissances th\u00e9oriques et pratiques lors de leur formation. Parall\u00e8lement, il est indispensable qu\u2019ils exercent ces comp\u00e9tences \u00e0 travers des projets. Ceux-ci leur permettent d\u2019appliquer leurs connaissances sur des probl\u00e8mes \u00e0 grande \u00e9chelle dans un contexte proche d\u2019une situation professionnelle, dans le cadre d\u2019un travail de groupe.<br \/>\nL\u2019exp\u00e9rience acquise est ainsi tr\u00e8s utile pour l\u2019insertion professionnelle des \u00e9tudiants et la part importante (mais non exclusive!), accord\u00e9e \u00e0 la p\u00e9dagogie par projet dans nos formations est appr\u00e9ci\u00e9e des recruteurs.<\/p>\n<p>Nous vous pr\u00e9sentons ici quelques projets d\u2019\u00e9tudiants.<\/p>\n<div class=\"title\">\n<h2>Licence Informatique<\/h2>\n<\/div>\n<table>\n<tbody>\n<tr>\n<td><img loading=\"lazy\" decoding=\"async\" class=\"alignnone size-full wp-image-374\" src=\"\/diblois\/files\/project\/diblois_www_nessquick.jpg\" alt=\"nessquick\" width=\"200\" height=\"200\" \/><\/td>\n<td><a href=\"http:\/\/nes-quick-games.comze.com\/navigation-display_games\">NesQuick<\/a><br \/>\nUn projet de L1 L2 sur les jeux NES, r\u00e9alis\u00e9 par Virginie Guillemot, Olivier Schyns, Johnatann Vulphie,Andy Torrez. L&rsquo;objectif \u00e9tait de concevoir un site web int\u00e9grant des flux RSS et des notations des utilisateurs.Vous pouvez r\u00e9cup\u00e9rer les sources sur ce <a href=\"https:\/\/github.com\/anthonybocci\/nes-quick\">site<\/a>.<\/td>\n<\/tr>\n<tr>\n<td>\n<div class=\"img\"><a href=\"\/diblois\/files\/project\/diblois_www_labyrinthe_lumax.jar\"><img loading=\"lazy\" decoding=\"async\" src=\"\/diblois\/files\/project\/diblois_www_labyrinthe.jpg\" width=\"200\" height=\"200\" \/><\/a><\/div>\n<\/td>\n<td><a href=\"\/diblois\/files\/project\/diblois_www_labyrinthe_lumax.jar\">Le Labyrinthe<\/a><br \/>\nUn projet L2, r\u00e9alis\u00e9 par Pauvert-Brisard, propos\u00e9 lors de l&rsquo;enseignement de Conception Objet. Ce projet demande aux \u00e9tudiants de r\u00e9aliser une interface graphique pour un mini-jeu de plateau.<\/td>\n<\/tr>\n<tr>\n<td>\n<div class=\"img\"><a href=\"\/diblois\/files\/project\/diblois_www_pmeth_guillemot_verite.jar\"><img loading=\"lazy\" decoding=\"async\" src=\"\/diblois\/files\/project\/diblois_www_chiffrement.jpg\" width=\"200\" height=\"200\" \/><\/a><\/div>\n<\/td>\n<td><a href=\"\/diblois\/files\/project\/diblois_www_pmeth_guillemot_verite.jar\">Le Chiffrement<\/a><br \/>\nUn projet de L1, r\u00e9alis\u00e9 par Guillemot-Verite, propos\u00e9 lors de l&rsquo;enseignement de M\u00e9thodologie. Ce projet demande aux \u00e9tudiants d&rsquo;impl\u00e9menter des algorithmes simples de chiffrement en utilisant une interface graphique pr\u00e9alablement con\u00e7ue.<\/td>\n<\/tr>\n<tr>\n<td>\n<div class=\"img\"><a href=\"http:\/\/projetmsi.site50.net\/\"><img loading=\"lazy\" decoding=\"async\" src=\"\/diblois\/files\/project\/diblois_www_histoirejeuxvideos.jpg\" width=\"200\" height=\"200\" \/><\/a><\/div>\n<\/td>\n<td><a href=\"http:\/\/projetmsi.site50.net\/\">L&rsquo;histoire des jeux-vid\u00e9os<\/a><br \/>\nUn projet L1-L2 Maths-Informatique propos\u00e9 par l&rsquo;universit\u00e9 Fran\u00e7ois-Rabelais, r\u00e9alis\u00e9 par Nicolas Nivette-Alexis Perge (\u00e9criture des articles), AlexandreDubois-Sylvain Emonet (gestion de la base de donn\u00e9es) et Steven Ratton-Armand Grillet (design du site).<\/td>\n<\/tr>\n<tr>\n<td><img loading=\"lazy\" decoding=\"async\" class=\"alignnone size-full wp-image-373\" src=\"\/diblois\/files\/project\/diblois_www_mymovies.jpg\" alt=\"mymovies\" width=\"200\" height=\"200\" \/><\/td>\n<td><a href=\"http:\/\/maximepvrt.synology.me\/transversal\/web\/app.php\/\">MyMovies<\/a><\/p>\n<p>Projet de L3 de recommandation de Films en fonction d&rsquo;un film s\u00e9lectionn\u00e9. Projet r\u00e9alis\u00e9 par Jean-Gabriel Leroux, Orrico Maxime, Pires Valentin, Sylvain V\u00e9n\u00e9reux, Maxime Pauvert. Ce projet est un projet transverse qui met en oeuvre un grand nombre de comp\u00e9tences acquisent en L3 (BD, IHM, Statistiques&#8230;)<\/td>\n<\/tr>\n<\/tbody>\n<\/table>\n<div class=\"title\">\n<h2>Master SIAD<\/h2>\n<\/div>\n<div class=\"title\">\n<h2>Master IT4BI<\/h2>\n<\/div>\n<table>\n<tbody>\n<tr>\n<td>Vid\u00e9o de restitution d&rsquo;un projet de recherche d&rsquo;informations portant sur la cr\u00e9ation d&rsquo;un moteur de recherche utilisant la base de donn\u00e9e d&rsquo;IMDB.<\/p>\n<div><object data=\"https:\/\/www.youtube.com\/embed\/8X6xtYEkwAs\" type=\"application\/x-shockwave-flash\" width=\"500\" height=\"200\"><param name=\"movie\" value=\"https:\/\/www.youtube.com\/embed\/8X6xtYEkwAs\" \/><param name=\"wmode\" value=\"transparent\" \/><\/object><br \/>\n<!-- [if lte IE 6 ]> \n<embed src=\"https:\/\/www.youtube.com\/embed\/8X6xtYEkwAs\" type=\"application\/x-shockwave-flash\" wmode=\"transparent\" width=\"500\" height=\"200\"><\/embed>\n <![endif]--><\/div>\n<\/td>\n<\/tr>\n<\/tbody>\n<\/table>\n","protected":false},"excerpt":{"rendered":"<p>En informatique, les \u00e9tudiants doivent acqu\u00e9rir des connaissances th\u00e9oriques et pratiques lors de leur formation. Parall\u00e8lement, il est indispensable qu\u2019ils exercent ces comp\u00e9tences \u00e0 travers des projets. Ceux-ci leur permettent d\u2019appliquer leurs connaissances sur des probl\u00e8mes \u00e0 grande \u00e9chelle dans un contexte proche d\u2019une situation professionnelle, dans le cadre d\u2019un travail de groupe. L\u2019exp\u00e9rience acquise est ainsi tr\u00e8s utile pour l\u2019insertion professionnelle des \u00e9tudiants et la part importante (mais non exclusive!), accord\u00e9e \u00e0 la p\u00e9dagogie par projet dans nos formations&#8230;<\/p>\n<p class=\"read-more\"><a class=\"btn btn-default\" href=\"https:\/\/www.info.univ-tours.fr\/diblois\/projet\/\"> Read More<span class=\"screen-reader-text\">  Read More<\/span><\/a><\/p>\n","protected":false},"author":1,"featured_media":0,"parent":0,"menu_order":0,"comment_status":"closed","ping_status":"closed","template":"","meta":{"footnotes":""},"class_list":["post-46","page","type-page","status-publish","hentry"],"_links":{"self":[{"href":"https:\/\/www.info.univ-tours.fr\/diblois\/wp-json\/wp\/v2\/pages\/46","targetHints":{"allow":["GET"]}}],"collection":[{"href":"https:\/\/www.info.univ-tours.fr\/diblois\/wp-json\/wp\/v2\/pages"}],"about":[{"href":"https:\/\/www.info.univ-tours.fr\/diblois\/wp-json\/wp\/v2\/types\/page"}],"author":[{"embeddable":true,"href":"https:\/\/www.info.univ-tours.fr\/diblois\/wp-json\/wp\/v2\/users\/1"}],"replies":[{"embeddable":true,"href":"https:\/\/www.info.univ-tours.fr\/diblois\/wp-json\/wp\/v2\/comments?post=46"}],"version-history":[{"count":1,"href":"https:\/\/www.info.univ-tours.fr\/diblois\/wp-json\/wp\/v2\/pages\/46\/revisions"}],"predecessor-version":[{"id":1782,"href":"https:\/\/www.info.univ-tours.fr\/diblois\/wp-json\/wp\/v2\/pages\/46\/revisions\/1782"}],"wp:attachment":[{"href":"https:\/\/www.info.univ-tours.fr\/diblois\/wp-json\/wp\/v2\/media?parent=46"}],"curies":[{"name":"wp","href":"https:\/\/api.w.org\/{rel}","templated":true}]}}