{"id":42,"date":"2013-06-12T09:54:37","date_gmt":"2016-05-17T05:31:48","guid":{"rendered":""},"modified":"2025-06-26T10:38:58","modified_gmt":"2025-06-26T08:38:58","slug":"international","status":"publish","type":"page","link":"https:\/\/www.info.univ-tours.fr\/diblois\/international\/","title":{"rendered":"International"},"content":{"rendered":"\n<figure class=\"wp-block-image size-large\"><img loading=\"lazy\" decoding=\"async\" width=\"1024\" height=\"169\" src=\"https:\/\/www.info.univ-tours.fr\/diblois\/files\/logo-1-1024x169.png\" alt=\"\" class=\"wp-image-1946\" srcset=\"https:\/\/www.info.univ-tours.fr\/diblois\/files\/logo-1-1024x169.png 1024w, https:\/\/www.info.univ-tours.fr\/diblois\/files\/logo-1-300x50.png 300w, https:\/\/www.info.univ-tours.fr\/diblois\/files\/logo-1-1536x253.png 1536w, https:\/\/www.info.univ-tours.fr\/diblois\/files\/logo-1-604x100.png 604w, https:\/\/www.info.univ-tours.fr\/diblois\/files\/logo-1.png 1600w\" sizes=\"auto, (max-width: 1024px) 100vw, 1024px\" \/><\/figure>\n\n\n\n<p>l&rsquo;Universit\u00e9 de Tours fait partie du programme europ\u00e9en <a href=\"https:\/\/neolaiacampus.eu\/\">Neolaia<\/a>.<\/p>\n\n\n\n<p>Un parcours en anglais de master pour la rentr\u00e9e 2026-2027 avec des mobilit\u00e9es (Orebro, Ja\u00e9n, Suceava) est en cours d&rsquo;\u00e9laboration. Ouverture des candidatures d\u00e9but 2026 &#8230;<\/p>\n\n\n\n<p><\/p>\n","protected":false},"excerpt":{"rendered":"<p>l&rsquo;Universit\u00e9 de Tours fait partie du programme europ\u00e9en Neolaia. Un parcours en anglais de master pour la rentr\u00e9e 2026-2027 avec des mobilit\u00e9es (Orebro, Ja\u00e9n, Suceava) est en cours d&rsquo;\u00e9laboration. Ouverture des candidatures d\u00e9but 2026 &#8230;<\/p>\n","protected":false},"author":1,"featured_media":0,"parent":0,"menu_order":0,"comment_status":"closed","ping_status":"open","template":"","meta":{"footnotes":""},"class_list":["post-42","page","type-page","status-publish","hentry"],"_links":{"self":[{"href":"https:\/\/www.info.univ-tours.fr\/diblois\/wp-json\/wp\/v2\/pages\/42","targetHints":{"allow":["GET"]}}],"collection":[{"href":"https:\/\/www.info.univ-tours.fr\/diblois\/wp-json\/wp\/v2\/pages"}],"about":[{"href":"https:\/\/www.info.univ-tours.fr\/diblois\/wp-json\/wp\/v2\/types\/page"}],"author":[{"embeddable":true,"href":"https:\/\/www.info.univ-tours.fr\/diblois\/wp-json\/wp\/v2\/users\/1"}],"replies":[{"embeddable":true,"href":"https:\/\/www.info.univ-tours.fr\/diblois\/wp-json\/wp\/v2\/comments?post=42"}],"version-history":[{"count":4,"href":"https:\/\/www.info.univ-tours.fr\/diblois\/wp-json\/wp\/v2\/pages\/42\/revisions"}],"predecessor-version":[{"id":1991,"href":"https:\/\/www.info.univ-tours.fr\/diblois\/wp-json\/wp\/v2\/pages\/42\/revisions\/1991"}],"wp:attachment":[{"href":"https:\/\/www.info.univ-tours.fr\/diblois\/wp-json\/wp\/v2\/media?parent=42"}],"curies":[{"name":"wp","href":"https:\/\/api.w.org\/{rel}","templated":true}]}}