{"id":40,"date":"2013-06-12T09:51:57","date_gmt":"2013-06-12T07:51:57","guid":{"rendered":""},"modified":"2019-01-17T16:31:44","modified_gmt":"2019-01-17T15:31:44","slug":"partenaires","status":"publish","type":"page","link":"https:\/\/www.info.univ-tours.fr\/diblois\/partenaires\/","title":{"rendered":"Partenaires"},"content":{"rendered":"<p>Les formations d\u2019informatique \u00e0 Blois sont professionnalisantes. En licence 3, en licence professionnelle QSSI et en master, un grand nombre d\u2019intervenants professionnels dispensent des cours repr\u00e9sentant (environ 1\/3 des enseignements). Lors de leur intervention, les intervenants pr\u00e9sentent naturellement <a href=\"\/diblois\/stages\/\">les stages<\/a> que leur soci\u00e9t\u00e9 propose. Ces stages d\u00e9bouchent r\u00e9guli\u00e8rement sur des embauches en CDI.<\/p>\n<p>Nos partenaires privil\u00e9gi\u00e9s sont :<\/p>\n<ul>\n<li><strong>Atos<\/strong> (Atos Consulting et Atos Worldline) : Leader europ\u00e9en des soci\u00e9t\u00e9s de Service en Informatique (SSII) fortement implant\u00e9 en r\u00e9gion Centre.<\/li>\n<li><strong>Umanis<\/strong> : Soci\u00e9t\u00e9 de Conseil &amp; Ing\u00e9nierie experte en Business Intelligence, en CRM et en technologies web.<\/li>\n<li><strong>Capgemini<\/strong> : un des Leaders fran\u00e7ais du secteur des services informatiques.<\/li>\n<\/ul>\n<p><img loading=\"lazy\" decoding=\"async\" class=\"alignleft\" src=\"\/diblois\/files\/logo\/diblois_www_atos.jpg\" alt=\"Atos\" width=\"200\" height=\"153\" \/><img loading=\"lazy\" decoding=\"async\" class=\"alignleft\" src=\"\/diblois\/files\/logo\/diblois_www_umanis.jpg\" alt=\"Umanis\" width=\"200\" height=\"152\" \/><img loading=\"lazy\" decoding=\"async\" class=\"alignleft\" src=\"\/diblois\/files\/logo\/diblois_www_capgemini.jpg\" alt=\"Capgemini\" width=\"201\" height=\"153\" \/><\/p>\n","protected":false},"excerpt":{"rendered":"<p>Les formations d\u2019informatique \u00e0 Blois sont professionnalisantes. En licence 3, en licence professionnelle QSSI et en master, un grand nombre d\u2019intervenants professionnels dispensent des cours repr\u00e9sentant (environ 1\/3 des enseignements). Lors de leur intervention, les intervenants pr\u00e9sentent naturellement les stages que leur soci\u00e9t\u00e9 propose. Ces stages d\u00e9bouchent r\u00e9guli\u00e8rement sur des embauches en CDI. Nos partenaires privil\u00e9gi\u00e9s sont : Atos (Atos Consulting et Atos Worldline) : Leader europ\u00e9en des soci\u00e9t\u00e9s de Service en Informatique (SSII) fortement implant\u00e9 en r\u00e9gion Centre. Umanis&#8230;<\/p>\n<p class=\"read-more\"><a class=\"btn btn-default\" href=\"https:\/\/www.info.univ-tours.fr\/diblois\/partenaires\/\"> Read More<span class=\"screen-reader-text\">  Read More<\/span><\/a><\/p>\n","protected":false},"author":1,"featured_media":0,"parent":0,"menu_order":0,"comment_status":"closed","ping_status":"closed","template":"","meta":{"footnotes":""},"class_list":["post-40","page","type-page","status-publish","hentry"],"_links":{"self":[{"href":"https:\/\/www.info.univ-tours.fr\/diblois\/wp-json\/wp\/v2\/pages\/40","targetHints":{"allow":["GET"]}}],"collection":[{"href":"https:\/\/www.info.univ-tours.fr\/diblois\/wp-json\/wp\/v2\/pages"}],"about":[{"href":"https:\/\/www.info.univ-tours.fr\/diblois\/wp-json\/wp\/v2\/types\/page"}],"author":[{"embeddable":true,"href":"https:\/\/www.info.univ-tours.fr\/diblois\/wp-json\/wp\/v2\/users\/1"}],"replies":[{"embeddable":true,"href":"https:\/\/www.info.univ-tours.fr\/diblois\/wp-json\/wp\/v2\/comments?post=40"}],"version-history":[{"count":1,"href":"https:\/\/www.info.univ-tours.fr\/diblois\/wp-json\/wp\/v2\/pages\/40\/revisions"}],"predecessor-version":[{"id":1327,"href":"https:\/\/www.info.univ-tours.fr\/diblois\/wp-json\/wp\/v2\/pages\/40\/revisions\/1327"}],"wp:attachment":[{"href":"https:\/\/www.info.univ-tours.fr\/diblois\/wp-json\/wp\/v2\/media?parent=40"}],"curies":[{"name":"wp","href":"https:\/\/api.w.org\/{rel}","templated":true}]}}