{"id":28,"date":"2013-06-07T11:37:51","date_gmt":"2013-06-07T09:37:51","guid":{"rendered":""},"modified":"2023-12-14T08:47:01","modified_gmt":"2023-12-14T07:47:01","slug":"licence-ecs","status":"publish","type":"page","link":"https:\/\/www.info.univ-tours.fr\/diblois\/licence-ecs\/","title":{"rendered":"Licence ECS"},"content":{"rendered":"\n<div id=\"block-left\">\n<div class=\"title\">\n<h3>La licence ECS n&rsquo;existe plus \u00e0 l&rsquo;universit\u00e9 de Tours.<\/h3>\n<p>Par contre, vous pouvez toujours demander un programme ERASMUS.<\/p>\n<\/div>\n\n<div class=\"title\">\n<h3>Elle t\u00e9moigne&#8230;<\/h3>\n<\/div>\n<p>Natalia DUSKE (FR)<\/p>\n<figure><img decoding=\"async\" class=\"iframe-ratio\" src=\"data:image\/gif;base64,R0lGODlhEAAJAIAAAP\/\/\/wAAACH5BAEAAAAALAAAAAAQAAkAAAIKhI+py+0Po5yUFQA7\"><\/figure><div class=\"iframe-wrapper-video\"><br><iframe loading=\"lazy\" src=\"https:\/\/inwicast.univ-tours.fr\/videos?video=MEDIA150703104815855\" width=\"400\" height=\"200\" frameborder=\"0\"><\/iframe><\/div>\n<p>Natalia DUSKE (EN)<\/p>\n<figure><img decoding=\"async\" class=\"iframe-ratio\" src=\"data:image\/gif;base64,R0lGODlhEAAJAIAAAP\/\/\/wAAACH5BAEAAAAALAAAAAAQAAkAAAIKhI+py+0Po5yUFQA7\"><\/figure><div class=\"iframe-wrapper-video\"><br><iframe loading=\"lazy\" src=\"https:\/\/inwicast.univ-tours.fr\/videos?video=MEDIA150703104928509\" width=\"400\" height=\"200\" frameborder=\"0\"><\/iframe><\/div>\n<p>Natalia DUSKE (DE)<\/p>\n<figure><img decoding=\"async\" class=\"iframe-ratio\" src=\"data:image\/gif;base64,R0lGODlhEAAJAIAAAP\/\/\/wAAACH5BAEAAAAALAAAAAAQAAkAAAIKhI+py+0Po5yUFQA7\"><\/figure><div class=\"iframe-wrapper-video\"><br><iframe loading=\"lazy\" src=\"https:\/\/inwicast.univ-tours.fr\/videos?video=MEDIA150703104853264\" width=\"400\" height=\"200\" frameborder=\"0\"><\/iframe><\/div>\n<\/div>\n\n\n\n<div id=\"block-right\"><a class=\"link-official-website\" href=\"http:\/\/ecs.dc.turkuamk.fi\/\" target=\"_blank\" rel=\"noopener\">Site officiel ECS<\/a><\/div>\n","protected":false},"excerpt":{"rendered":"<p>European Computer Science<\/p>\n<p>&nbsp;<\/p>\n<p>La licence ECS est un parcours d&rsquo;excellence international int\u00e9gr\u00e9 \u00e0 la<br \/>\nlicence informatique. Il permet aux \u00e9tudiants s\u00e9lectionn\u00e9s (en cours<br \/>\nde licence 1) de pr\u00e9parer un double dipl\u00f4me international en r\u00e9alisant<br \/>\nleur troisi\u00e8me ann\u00e9e d&rsquo;\u00e9tudes chez un des partenaires de notre r\u00e9seau<br \/>\neurop\u00e9en.<br \/>\nLicence d&rsquo;informatique de plein droit pour ce qui concerne le dipl\u00f4me<br \/>\nfran\u00e7ais, elle vous laisse ouverte toute possibilit\u00e9 de poursuite<br \/>\nd&rsquo;\u00e9tudes longues.<\/p>\n<p>&nbsp;<\/p>\n<p>T\u00e9moignage de Thibault PROUTEAU<\/p>\n<p><iframe src='https:\/\/inwicast.univ-tours.fr\/videos?video=MEDIA150703105110422' width='640' height='360' frameborder='0' scrolling='no' allowfullscreen \/><\/iframe><\/p>\n<p>&nbsp;<\/p>\n<p>T\u00e9moignage de Natalia DUSKE (FR)<\/p>\n<p><iframe src='https:\/\/inwicast.univ-tours.fr\/videos?video=MEDIA150703104815855' width='640' height='360' frameborder='0' scrolling='no' allowfullscreen \/><\/iframe><\/p>\n<p>&nbsp;<\/p>\n","protected":false},"author":3,"featured_media":0,"parent":0,"menu_order":0,"comment_status":"closed","ping_status":"closed","template":"","meta":{"footnotes":""},"class_list":["post-28","page","type-page","status-publish","hentry"],"_links":{"self":[{"href":"https:\/\/www.info.univ-tours.fr\/diblois\/wp-json\/wp\/v2\/pages\/28","targetHints":{"allow":["GET"]}}],"collection":[{"href":"https:\/\/www.info.univ-tours.fr\/diblois\/wp-json\/wp\/v2\/pages"}],"about":[{"href":"https:\/\/www.info.univ-tours.fr\/diblois\/wp-json\/wp\/v2\/types\/page"}],"author":[{"embeddable":true,"href":"https:\/\/www.info.univ-tours.fr\/diblois\/wp-json\/wp\/v2\/users\/3"}],"replies":[{"embeddable":true,"href":"https:\/\/www.info.univ-tours.fr\/diblois\/wp-json\/wp\/v2\/comments?post=28"}],"version-history":[{"count":4,"href":"https:\/\/www.info.univ-tours.fr\/diblois\/wp-json\/wp\/v2\/pages\/28\/revisions"}],"predecessor-version":[{"id":1826,"href":"https:\/\/www.info.univ-tours.fr\/diblois\/wp-json\/wp\/v2\/pages\/28\/revisions\/1826"}],"wp:attachment":[{"href":"https:\/\/www.info.univ-tours.fr\/diblois\/wp-json\/wp\/v2\/media?parent=28"}],"curies":[{"name":"wp","href":"https:\/\/api.w.org\/{rel}","templated":true}]}}