{"id":27,"date":"2013-06-07T11:35:51","date_gmt":"2016-05-17T05:31:48","guid":{"rendered":""},"modified":"2016-06-08T15:09:12","modified_gmt":"2016-06-08T13:09:12","slug":"master-cci","status":"publish","type":"page","link":"https:\/\/www.info.univ-tours.fr\/diblois\/master-cci\/","title":{"rendered":"Master CCI"},"content":{"rendered":"<div id=\"block-left\">Le Master CCI est une formation compl\u00e8te d&rsquo;un an qui forme les \u00e9tudiants non informaticiens \u00e0 la conception et au d\u00e9veloppement d&rsquo;applications informatiques.<\/p>\n<div class=\"title\">\n<h2>Miser sur les fondamentaux<\/h2>\n<\/div>\n<p>Cette formation de haut niveau (Bac+5) permet aux personnes issues d&rsquo;autres domaines (Chimie, Biologie, Maths, Physique, Gestion, &#8230;) d&rsquo;acqu\u00e9rir et de maitriser les connaissances th\u00e9oriques et pratiques en informatique \u00e0 l&rsquo;heure o\u00f9 la double comp\u00e9tence informatique est de plus en plus recherch\u00e9e par les entreprises.<br \/>\nLe master CCI est une formation en informatique qui permet aux \u00e9tudiants soit de changer de cap professionnel soit d&rsquo;\u00e9largir leur domaine de comp\u00e9tence. Cette formation dipl\u00f4mante bac+5 se d\u00e9roule en une seule ann\u00e9e.<\/p>\n<div class=\"title\">\n<h2>Organisation<\/h2>\n<\/div>\n<p>Une partie de la formation du premier semestre correspond au tronc commun et permet aux \u00e9tudiants d&rsquo;acqu\u00e9rir une formation g\u00e9n\u00e9rale solide, leur permettant d&rsquo;\u00e9voluer vers tous les m\u00e9tiers de l&rsquo;informatique dans le futur.<br \/>\nDe janvier \u00e0 mars, les \u00e9tudiants suivent les enseignements de l&rsquo;UE6 (Unit\u00e9 d&rsquo;Enseignement). Cette unit\u00e9 propose plusieurs EP (Elements P\u00e9dagogiques) optionnels : l&rsquo;\u00e9tudiant doit en choisir 3 parmi les 5 propos\u00e9s.<br \/>\nLes options permettent aux \u00e9tudiants de se sp\u00e9cialiser en conception et d\u00e9veloppement d&rsquo;applications classiques ou Web, ou les r\u00e9seaux ou les bases de donn\u00e9es. Ce qui permet de couvrir toutes les offres d&#8217;emploi du march\u00e9.\n<\/p><\/div>\n<div id=\"block-right\">\n<a class=\"link-official-website\" href=\"http:\/\/www.cci.univ-tours.fr\/\" target=\"_blank\">Site officiel<\/a><\/p>\n<h4>La formation<\/h4>\n<div class=\"sub-paragraph\">\nComp\u00e9tences a l\u2019issue de la formation :<\/p>\n<ul>\n<li>Concevoir et r\u00e9aliser des applications<\/li>\n<li>Jouer l&rsquo;interm\u00e9diaire, entre les d\u00e9cideurs et les cadres informatiques<\/li>\n<li>D\u00e9velopper dans plusieurs languages : C# .NET, Java, PHP<\/li>\n<li>Concevoir et mettre en place des r\u00e9seaux intranet ou reli\u00e9s \u00e0 internet<\/li>\n<li>Administrer et utiliser des bases de donn\u00e9es de type : SQL Server<\/li>\n<li>Assurer la maintenance informatique<\/li>\n<\/ul>\n<\/div>\n<h4>Les d\u00e9bouch\u00e9s<\/h4>\n<div class=\"sub-paragraph\">\nA l&rsquo;issue de cette formation, les \u00e9tudiants peuvent \u00eatre recrut\u00e9s en tant que :<\/p>\n<ul>\n<li>Analyste programmeur<\/li>\n<li>D\u00e9veloppeur<\/li>\n<li>Chef de projet<\/li>\n<li>Responsable informatique<\/li>\n<li>Administrateur et concepteur de bases de donn\u00e9es<\/li>\n<li>Consultant technique<\/li>\n<\/ul>\n<\/div>\n<\/div>\n","protected":false},"excerpt":{"rendered":"<p>Comp\u00e9tence Compl\u00e9mentaire en Informatique<\/p>\n","protected":false},"author":1,"featured_media":0,"parent":0,"menu_order":0,"comment_status":"closed","ping_status":"open","template":"","meta":{"footnotes":""},"class_list":["post-27","page","type-page","status-publish","hentry"],"_links":{"self":[{"href":"https:\/\/www.info.univ-tours.fr\/diblois\/wp-json\/wp\/v2\/pages\/27","targetHints":{"allow":["GET"]}}],"collection":[{"href":"https:\/\/www.info.univ-tours.fr\/diblois\/wp-json\/wp\/v2\/pages"}],"about":[{"href":"https:\/\/www.info.univ-tours.fr\/diblois\/wp-json\/wp\/v2\/types\/page"}],"author":[{"embeddable":true,"href":"https:\/\/www.info.univ-tours.fr\/diblois\/wp-json\/wp\/v2\/users\/1"}],"replies":[{"embeddable":true,"href":"https:\/\/www.info.univ-tours.fr\/diblois\/wp-json\/wp\/v2\/comments?post=27"}],"version-history":[{"count":0,"href":"https:\/\/www.info.univ-tours.fr\/diblois\/wp-json\/wp\/v2\/pages\/27\/revisions"}],"wp:attachment":[{"href":"https:\/\/www.info.univ-tours.fr\/diblois\/wp-json\/wp\/v2\/media?parent=27"}],"curies":[{"name":"wp","href":"https:\/\/api.w.org\/{rel}","templated":true}]}}