{"id":19,"date":"2013-05-24T09:43:30","date_gmt":"2013-05-24T07:43:30","guid":{"rendered":""},"modified":"2024-11-28T12:02:07","modified_gmt":"2024-11-28T11:02:07","slug":"vie-etudiante","status":"publish","type":"page","link":"https:\/\/www.info.univ-tours.fr\/diblois\/vie-etudiante\/","title":{"rendered":"Vie \u00c9tudiante"},"content":{"rendered":"<p>Via l<a href=\"https:\/\/www.univ-tours.fr\/campus\/vie-associative\/annuaire-des-associations-etudiantes\/association-blesoise-des-etudiants-en-informatique\">&lsquo;association des \u00e9tudiants<\/a> et les activit\u00e9s sportives, vous pourrez participer \u00e0 des activit\u00e9s vari\u00e9es :<\/p>\n<ul>\n<li>Nuit de l&rsquo;info,<\/li>\n<li>Soir\u00e9e intercampus,<\/li>\n<li>tournois sportifs<\/li>\n<\/ul>\n\n\n<figure class=\"wp-block-image size-large\"><img loading=\"lazy\" decoding=\"async\" width=\"1024\" height=\"683\" src=\"https:\/\/www.info.univ-tours.fr\/diblois\/files\/www_di_image_basket2018-1024x683.jpg\" alt=\"\" class=\"wp-image-1263\" srcset=\"https:\/\/www.info.univ-tours.fr\/diblois\/files\/www_di_image_basket2018-1024x683.jpg 1024w, https:\/\/www.info.univ-tours.fr\/diblois\/files\/www_di_image_basket2018-300x200.jpg 300w, https:\/\/www.info.univ-tours.fr\/diblois\/files\/www_di_image_basket2018.jpg 1389w\" sizes=\"auto, (max-width: 1024px) 100vw, 1024px\" \/><\/figure>\n\n\n\n<figure class=\"wp-block-image size-large\"><img loading=\"lazy\" decoding=\"async\" width=\"1024\" height=\"683\" src=\"https:\/\/www.info.univ-tours.fr\/diblois\/files\/di_photo_vie_etudiante_2-1024x683.jpg\" alt=\"\" class=\"wp-image-1111\" srcset=\"https:\/\/www.info.univ-tours.fr\/diblois\/files\/di_photo_vie_etudiante_2-1024x683.jpg 1024w, https:\/\/www.info.univ-tours.fr\/diblois\/files\/di_photo_vie_etudiante_2-300x200.jpg 300w\" sizes=\"auto, (max-width: 1024px) 100vw, 1024px\" \/><\/figure>\n","protected":false},"excerpt":{"rendered":"<p>Via l&lsquo;association des \u00e9tudiants et les activit\u00e9s sportives, vous pourrez participer \u00e0 des activit\u00e9s vari\u00e9es : Nuit de l&rsquo;info, Soir\u00e9e intercampus, tournois sportifs<\/p>\n","protected":false},"author":1,"featured_media":0,"parent":0,"menu_order":0,"comment_status":"closed","ping_status":"closed","template":"","meta":{"footnotes":""},"class_list":["post-19","page","type-page","status-publish","hentry"],"_links":{"self":[{"href":"https:\/\/www.info.univ-tours.fr\/diblois\/wp-json\/wp\/v2\/pages\/19","targetHints":{"allow":["GET"]}}],"collection":[{"href":"https:\/\/www.info.univ-tours.fr\/diblois\/wp-json\/wp\/v2\/pages"}],"about":[{"href":"https:\/\/www.info.univ-tours.fr\/diblois\/wp-json\/wp\/v2\/types\/page"}],"author":[{"embeddable":true,"href":"https:\/\/www.info.univ-tours.fr\/diblois\/wp-json\/wp\/v2\/users\/1"}],"replies":[{"embeddable":true,"href":"https:\/\/www.info.univ-tours.fr\/diblois\/wp-json\/wp\/v2\/comments?post=19"}],"version-history":[{"count":1,"href":"https:\/\/www.info.univ-tours.fr\/diblois\/wp-json\/wp\/v2\/pages\/19\/revisions"}],"predecessor-version":[{"id":1951,"href":"https:\/\/www.info.univ-tours.fr\/diblois\/wp-json\/wp\/v2\/pages\/19\/revisions\/1951"}],"wp:attachment":[{"href":"https:\/\/www.info.univ-tours.fr\/diblois\/wp-json\/wp\/v2\/media?parent=19"}],"curies":[{"name":"wp","href":"https:\/\/api.w.org\/{rel}","templated":true}]}}