{"id":14,"date":"2013-05-23T16:26:58","date_gmt":"2016-05-17T05:31:48","guid":{"rendered":""},"modified":"2023-12-15T16:41:15","modified_gmt":"2023-12-15T15:41:15","slug":"formation","status":"publish","type":"page","link":"https:\/\/www.info.univ-tours.fr\/diblois\/formation\/","title":{"rendered":"Formation"},"content":{"rendered":"<h2><a href=\"https:\/\/www.info.univ-tours.fr\/diblois\/licence\/\" data-wplink-edit=\"true\">Licence Informatique<\/a><\/h2>\n<p>Licence g\u00e9n\u00e9raliste en informatique<\/p>\n<h2><a href=\"https:\/\/www.info.univ-tours.fr\/diblois\/master\/\">Master Sciences des donn\u00e9es<\/a><\/h2>\n<p>Data Sciences For Societal Challenges<\/p>\n<h2><\/h2>\n","protected":false},"excerpt":{"rendered":"<p>Licence Informatique Licence g\u00e9n\u00e9raliste en informatique Master Sciences des donn\u00e9es Data Sciences For Societal Challenges<\/p>\n","protected":false},"author":1,"featured_media":0,"parent":0,"menu_order":0,"comment_status":"closed","ping_status":"open","template":"","meta":{"footnotes":""},"class_list":["post-14","page","type-page","status-publish","hentry"],"_links":{"self":[{"href":"https:\/\/www.info.univ-tours.fr\/diblois\/wp-json\/wp\/v2\/pages\/14","targetHints":{"allow":["GET"]}}],"collection":[{"href":"https:\/\/www.info.univ-tours.fr\/diblois\/wp-json\/wp\/v2\/pages"}],"about":[{"href":"https:\/\/www.info.univ-tours.fr\/diblois\/wp-json\/wp\/v2\/types\/page"}],"author":[{"embeddable":true,"href":"https:\/\/www.info.univ-tours.fr\/diblois\/wp-json\/wp\/v2\/users\/1"}],"replies":[{"embeddable":true,"href":"https:\/\/www.info.univ-tours.fr\/diblois\/wp-json\/wp\/v2\/comments?post=14"}],"version-history":[{"count":3,"href":"https:\/\/www.info.univ-tours.fr\/diblois\/wp-json\/wp\/v2\/pages\/14\/revisions"}],"predecessor-version":[{"id":1881,"href":"https:\/\/www.info.univ-tours.fr\/diblois\/wp-json\/wp\/v2\/pages\/14\/revisions\/1881"}],"wp:attachment":[{"href":"https:\/\/www.info.univ-tours.fr\/diblois\/wp-json\/wp\/v2\/media?parent=14"}],"curies":[{"name":"wp","href":"https:\/\/api.w.org\/{rel}","templated":true}]}}