{"id":13,"date":"2013-05-23T16:26:22","date_gmt":"2013-05-23T14:26:22","guid":{"rendered":""},"modified":"2025-06-26T10:28:57","modified_gmt":"2025-06-26T08:28:57","slug":"licence","status":"publish","type":"page","link":"https:\/\/www.info.univ-tours.fr\/diblois\/licence\/","title":{"rendered":"Licence"},"content":{"rendered":"<p><img loading=\"lazy\" decoding=\"async\" class=\"alignnone size-full wp-image-674\" style=\"display: none;\" src=\"\/diblois\/files\/slider\/diblois_www_licence.jpg\" alt=\"Licence.jpg\" width=\"512\" height=\"512\" \/><\/p>\n<p>La licence informatique de Blois, c&rsquo;est suivre des \u00e9tudes universitaires dans une formation \u00e0 taille humaine (60 personnes en L1 par exemple) ce qui favoriser les \u00e9changes entre les \u00e9tudiants et \u00e9tudiantes mais aussi avec l&rsquo;\u00e9quipe p\u00e9dagogique.\u00a0 La licence informatique de Blois, c&rsquo;est aussi des promotions inclusive, apr\u00e8s plus de 30% de femmes au minimum en licence (contre 11% au national), un accueil personnalis\u00e9 des personnes handicap\u00e9es, et l&rsquo;accueil de nombreuses personnes en provenance de l&rsquo;\u00e9tranger.<\/p>\n<div style=\"width: 640px;\" class=\"wp-video\"><video class=\"wp-video-shortcode\" id=\"video-13-1\" width=\"640\" height=\"360\" preload=\"metadata\" controls=\"controls\"><source type=\"video\/mp4\" src=\"https:\/\/www.info.univ-tours.fr\/diblois\/files\/video-licence.mp4?_=1\" \/><a href=\"https:\/\/www.info.univ-tours.fr\/diblois\/files\/video-licence.mp4\">https:\/\/www.info.univ-tours.fr\/diblois\/files\/video-licence.mp4<\/a><\/video><\/div>\n<p>&nbsp;<\/p>\n<p>La vie \u00e9tudiante est \u00e9galement rythm\u00e9e par des activit\u00e9s extra-scolaires g\u00e9r\u00e9es par l\u2019association des \u00e9tudiants : l&rsquo; ABEI et les Ap\u00e9ro Infos.<\/p>\n<p>La Licence d\u2019Informatique vise \u00e0 donner aux \u00e9tudiants une ma\u00eetrise des fondamentaux dans tous les domaines de l\u2019informatique, en y ajoutant une sensibilisation tr\u00e8s marqu\u00e9e au monde de l\u2019entreprise, valid\u00e9e par un stage de fin d\u2019\u00e9tudes.<\/p>\n<p><strong>En 2024, nous changeons de maquette.<\/strong><\/p>\n<p>A Blois, nous vous proposons en fonction de vos comp\u00e9tences, 3 options :<\/p>\n<ul>\n<li>Une licence classique en <strong>3 ans<\/strong>, qui correspond au parcours de la majorit\u00e9 de la promotion. Pour les personnes n&rsquo;ayant pas tout \u00e0 fait les attendus (acceptation en OUI_SI sur ParcourSup) des am\u00e9nagements l\u00e9gers de scolarit\u00e9 sont pr\u00e9vus au semestre 1 pour favoriser l&rsquo;int\u00e9gration \u00e0 l&rsquo;universit\u00e9.<\/li>\n<li>Une licence en <strong>2 ans <\/strong>pour les \u00e9tudiants motiv\u00e9s avec un tr\u00e8s bon bac g\u00e9n\u00e9ral et en sp\u00e9cialit\u00e9s en Math\u00e9matiques, Num\u00e9rique et Sciences Informatiques.Les \u00e9tudiantes et les \u00e9tudiants autoris\u00e9s \u00e0 suivre la licence en 2 ans, suivent la premi\u00e8re ann\u00e9e le programme de la licence 1 et une partie de la licence 2. La deuxi\u00e8me ann\u00e9e, ils suivent l\u2019autre partie de la licence 2 et la licence 3.<\/li>\n<li>Une licence en <strong>4 ans <\/strong>pour les \u00e9tudiants venant d\u2019un baccalaur\u00e9at \u00a0technologique non scientifique ou professionnel. Les \u00e9tudiantes et les \u00e9tudiants autoris\u00e9s \u00e0 suivre la licence en 4 ans, suivent la premi\u00e8re ann\u00e9e uniquement une partie de la licence 1 afin d\u2019acqu\u00e9rir des bases solides : suivi de tous les cours de math\u00e9matiques pour acqu\u00e9rir les bases th\u00e9oriques n\u00e9cessaires \u00e0 la r\u00e9ussite, et uniquement un module d&rsquo;informatique pour d\u00e9couvrir la discipline.<\/li>\n<\/ul>\n<p>Voici le programme<\/p>\n<p>&nbsp;<\/p>\n<p><img loading=\"lazy\" decoding=\"async\" class=\"alignnone  wp-image-1963\" src=\"https:\/\/www.info.univ-tours.fr\/diblois\/files\/licenceInfo-300x210.png\" alt=\"\" width=\"946\" height=\"662\" srcset=\"https:\/\/www.info.univ-tours.fr\/diblois\/files\/licenceInfo-300x210.png 300w, https:\/\/www.info.univ-tours.fr\/diblois\/files\/licenceInfo-1024x717.png 1024w, https:\/\/www.info.univ-tours.fr\/diblois\/files\/licenceInfo-386x270.png 386w, https:\/\/www.info.univ-tours.fr\/diblois\/files\/licenceInfo.png 1308w\" sizes=\"auto, (max-width: 946px) 100vw, 946px\" \/><\/p>\n<p><strong>Visez le succ\u00e8s<\/strong><\/p>\n<p>La question de l&rsquo;\u00e9chec \u00e0 l&rsquo;entr\u00e9e de l&rsquo;universit\u00e9 est r\u00e9elle, en raison de l&rsquo;absence d&rsquo;entr\u00e9e s\u00e9lective de L1.<br \/>\nAvec un suivi permanent des \u00e9tudiants (\u00e9valuation continue des connaissances, la tutelle avec un r\u00e9f\u00e9rent p\u00e9dagogique), notre licence permet \u00e0 plus de 85% des titulaires de dipl\u00f4me d&rsquo;\u00e9tudes secondaires avec des options Math\u00e9matiques de r\u00e9ussir chaque ann\u00e9e. La situation est plus complexe pour les \u00e9tudiants qui ne poss\u00e8dent pas les connaissances n\u00e9cessaires en math\u00e9matiques. C&rsquo;est pour eux que nous avons une route \u00absoutien \u00e0 la r\u00e9ussite\u00bb en L1. Celui-ci consiste \u00e0 proposer aux \u00e9tudiants d&rsquo;obtenir des cours en math\u00e9matiques et en informatique, en plus.<\/p>\n<h2>Documents suppl\u00e9mentaires<\/h2>\n<p>vous pouvez r\u00e9cup\u00e9rer<\/p>\n<ul>\n<li>le <a href=\"https:\/\/www.info.univ-tours.fr\/diblois\/files\/Flyer_licence.pdf\"> flyers <\/a> de la nouvelle licence (version 2024),<\/li>\n<li>L&rsquo;<a href=\"https:\/\/www.info.univ-tours.fr\/diblois\/files\/affiche_licence_.pdf\">affiche<\/a> de la nouvelle licence (version 2024).<\/li>\n<\/ul>\n<p>Vous d\u00e9sirez avoir plus de renseignement sur notre licence, vous voulez discuter de vos interrogations personnelles, n&rsquo;h\u00e9sitez pas \u00e0 contacter nos directeurs des \u00e9tudes. Licence 1 : <a class=\"moz-txt-link-abbreviated\" href=\"mailto:Jean-Yves.Antoine@univ-tours.fr\">Jean-Yves Antoine<\/a> Licence 2 : <a href=\"mailto:arnaud.giacometti@univ-tours.fr\">Arnaud Giacometti<\/a> Licence 3 : <a href=\"mailto:mohamed.taghelit@univ-tours.fr\">Mohamed Taghelit<\/a> \/ <a href=\"mailto:chanson@univ-tours.fr\">Alexandre Chanson<\/a><\/p>\n<p>Vous d\u00e9sirez vous faire une id\u00e9e plus pr\u00e9cise sur nos formations, participez \u00e0 nos journ\u00e9es portes ouvertes ou contactez la direction des \u00e9tudes pour organiser un demi-journ\u00e9e ou une journ\u00e9e de d\u00e9couverte au sein de nos promotions : <a class=\"moz-txt-link-abbreviated\" href=\"mailto:Jean-Yves.Antoine@univ-tours.fr\">Jean-Yves.Antoine@univ-tours.fr<\/a> &#8230;.<\/p>\n<p><!--\n\n\n<h2>European Computer Science<\/h2>\n\n\nLa licence ECS est un parcours d'excellence international int\u00e9gr\u00e9 \u00e0 la licence informatique.\nIl permet aux \u00e9tudiants s\u00e9lectionn\u00e9s (en cours de licence 1) de pr\u00e9parer un double dipl\u00f4me international en r\u00e9alisant leur troisi\u00e8me ann\u00e9e d'\u00e9tudes chez un des partenaires de notre r\u00e9seau europ\u00e9en.\n\nLicence d'informatique de plein droit pour ce qui concerne le dipl\u00f4me fran\u00e7ais, elle vous laisse ouverte toute possibilit\u00e9 de poursuite d'\u00e9tudes longues.\n\n<a href=\"\/diblois\/licence-ecs\" target=\"_self\" rel=\"noopener noreferrer\">Pour en savoir plus...<\/a>\nT\u00e9moignage de Thibault PROUTEAU, \u00e9tudiant de la Licence ECS\n<iframe loading=\"lazy\" src=\"https:\/\/inwicast.univ-tours.fr\/videos?video=MEDIA150703105110422\" width=\"640\" height=\"360\" frameborder=\"0\" scrolling=\"no\"><\/iframe>\nT\u00e9moignage de Natalia DUSKE (FR), \u00e9tudiante de la Licence ECS\n<iframe loading=\"lazy\" src=\"https:\/\/inwicast.univ-tours.fr\/videos?video=MEDIA150703104815855\" width=\"640\" height=\"360\" frameborder=\"0\" scrolling=\"no\"><\/iframe>\n--><\/p>\n","protected":false},"excerpt":{"rendered":"<p>La licence informatique de Blois, c&rsquo;est suivre des \u00e9tudes universitaires dans une formation \u00e0 taille humaine (60 personnes en L1 par exemple) ce qui favoriser les \u00e9changes entre les \u00e9tudiants et \u00e9tudiantes mais aussi avec l&rsquo;\u00e9quipe p\u00e9dagogique.\u00a0 La licence informatique de Blois, c&rsquo;est aussi des promotions inclusive, apr\u00e8s plus de 30% de femmes au minimum en licence (contre 11% au national), un accueil personnalis\u00e9 des personnes handicap\u00e9es, et l&rsquo;accueil de nombreuses personnes en provenance de l&rsquo;\u00e9tranger. &nbsp; La vie \u00e9tudiante&#8230;<\/p>\n<p class=\"read-more\"><a class=\"btn btn-default\" href=\"https:\/\/www.info.univ-tours.fr\/diblois\/licence\/\"> Read More<span class=\"screen-reader-text\">  Read More<\/span><\/a><\/p>\n","protected":false},"author":3,"featured_media":0,"parent":0,"menu_order":0,"comment_status":"closed","ping_status":"closed","template":"","meta":{"footnotes":""},"class_list":["post-13","page","type-page","status-publish","hentry"],"_links":{"self":[{"href":"https:\/\/www.info.univ-tours.fr\/diblois\/wp-json\/wp\/v2\/pages\/13","targetHints":{"allow":["GET"]}}],"collection":[{"href":"https:\/\/www.info.univ-tours.fr\/diblois\/wp-json\/wp\/v2\/pages"}],"about":[{"href":"https:\/\/www.info.univ-tours.fr\/diblois\/wp-json\/wp\/v2\/types\/page"}],"author":[{"embeddable":true,"href":"https:\/\/www.info.univ-tours.fr\/diblois\/wp-json\/wp\/v2\/users\/3"}],"replies":[{"embeddable":true,"href":"https:\/\/www.info.univ-tours.fr\/diblois\/wp-json\/wp\/v2\/comments?post=13"}],"version-history":[{"count":10,"href":"https:\/\/www.info.univ-tours.fr\/diblois\/wp-json\/wp\/v2\/pages\/13\/revisions"}],"predecessor-version":[{"id":1988,"href":"https:\/\/www.info.univ-tours.fr\/diblois\/wp-json\/wp\/v2\/pages\/13\/revisions\/1988"}],"wp:attachment":[{"href":"https:\/\/www.info.univ-tours.fr\/diblois\/wp-json\/wp\/v2\/media?parent=13"}],"curies":[{"name":"wp","href":"https:\/\/api.w.org\/{rel}","templated":true}]}}