{"id":12,"date":"2013-05-23T16:25:17","date_gmt":"2016-05-17T05:31:48","guid":{"rendered":""},"modified":"2026-03-04T14:42:12","modified_gmt":"2026-03-04T13:42:12","slug":"master","status":"publish","type":"page","link":"https:\/\/www.info.univ-tours.fr\/diblois\/master\/","title":{"rendered":"Master"},"content":{"rendered":"<p><img loading=\"lazy\" decoding=\"async\" class=\"alignnone size-full wp-image-674\" style=\"display: none;\" src=\"\/diblois\/files\/slider\/diblois_www_master.jpg\" alt=\"Master.jpg\" width=\"512\" height=\"512\" \/><\/p>\n<h2>Data Sciences For Societal Challenges<\/h2>\n<p>En 2024, nous changeons de maquette. Ce nouveau master en sciences des donn\u00e9es se caract\u00e9rise par :<\/p>\n<ul>\n<li>un centrage fort sur l&rsquo;ing\u00e9nierie et analyse de donn\u00e9es,<\/li>\n<li>un <a href=\"https:\/\/www.info.univ-tours.fr\/diblois\/apprentissage-master-sciences-des-donnees-ds4sc\/\">apprentissage possible en M1 et M2<\/a> via le <a href=\"https:\/\/www.cfa-univ.fr\/\"> CFA des Universit\u00e9s Centre- Val de Loire <\/a>,<\/li>\n<li>un renforcement de la partie IA et deep learning.<\/li>\n<\/ul>\n<div style=\"width: 640px;\" class=\"wp-video\"><video class=\"wp-video-shortcode\" id=\"video-12-1\" width=\"640\" height=\"360\" preload=\"metadata\" controls=\"controls\"><source type=\"video\/mp4\" src=\"https:\/\/www.info.univ-tours.fr\/diblois\/files\/video-master.mp4?_=1\" \/><a href=\"https:\/\/www.info.univ-tours.fr\/diblois\/files\/video-master.mp4\">https:\/\/www.info.univ-tours.fr\/diblois\/files\/video-master.mp4<\/a><\/video><\/div>\n<p>Il sera enseign\u00e9 en fran\u00e7ais pour l&rsquo;instant. Mais il est possible qu&rsquo;une partie des cours bascule en anglais dans le cadre du consortium d&rsquo;universit\u00e9s europ\u00e9ennes <a href=\"https:\/\/neolaiacampus.eu\/\">Neolaia.<\/a><\/p>\n<p>Pour <strong>candidater,<\/strong> vous devez passer par <a href=\"https:\/\/monmaster.gouv.fr\/formation\/0370800U\/1800406SUDJC\/detail\">mon master<\/a>. Nous n&rsquo;avons pas ouvert la formation sur la plateforme Campus France en 2026.<\/p>\n<div>Voici le <strong>programme<\/strong>. Pour chaque mati\u00e8re vous disposez des noms des mati\u00e8res. des heures de cours(CM) de Travaux dirig\u00e9 (TD) et de travaux pratique(TP), et des cr\u00e9dit europ\u00e9en ECTS. Les coefficients des mati\u00e8res sont \u00e9gaux aux ECTS :<\/div>\n<div><img loading=\"lazy\" decoding=\"async\" class=\"alignnone  wp-image-2012\" src=\"https:\/\/www.info.univ-tours.fr\/diblois\/files\/MaquetteDS4SC-247x300.jpg\" alt=\"\" width=\"756\" height=\"918\" srcset=\"https:\/\/www.info.univ-tours.fr\/diblois\/files\/MaquetteDS4SC-247x300.jpg 247w, https:\/\/www.info.univ-tours.fr\/diblois\/files\/MaquetteDS4SC-222x270.jpg 222w, https:\/\/www.info.univ-tours.fr\/diblois\/files\/MaquetteDS4SC.jpg 753w\" sizes=\"auto, (max-width: 756px) 100vw, 756px\" \/><\/div>\n<div>\u00a0<\/div>\n<div>liens vers :<\/div>\n<ul>\n<li>la <a href=\"https:\/\/www.info.univ-tours.fr\/diblois\/files\/descriptionDetailleeMasterDS4SC.pdf\">description d\u00e9taill\u00e9e de la maquette\u00a0du master DS4SC<\/a>,<\/li>\n<li>la <a href=\"https:\/\/www.info.univ-tours.fr\/diblois\/files\/Presentation_Parcours_DS4SC.pdf\">pr\u00e9sentation rapide du master DS4SC<\/a>,<\/li>\n<li>le <a href=\"https:\/\/www.info.univ-tours.fr\/diblois\/files\/flyer_master.pdf\">flyers<\/a>,<\/li>\n<li>l&rsquo;<a href=\"https:\/\/www.info.univ-tours.fr\/diblois\/files\/affiche_master_01.pdf\">affiche<\/a>.<\/li>\n<\/ul>\n<div>\n<h4><img loading=\"lazy\" decoding=\"async\" class=\"alignnone size-medium wp-image-1969\" src=\"https:\/\/www.info.univ-tours.fr\/diblois\/files\/P1033778-300x225.jpg\" alt=\"\" width=\"300\" height=\"225\" srcset=\"https:\/\/www.info.univ-tours.fr\/diblois\/files\/P1033778-300x225.jpg 300w, https:\/\/www.info.univ-tours.fr\/diblois\/files\/P1033778-1024x768.jpg 1024w, https:\/\/www.info.univ-tours.fr\/diblois\/files\/P1033778-1536x1152.jpg 1536w, https:\/\/www.info.univ-tours.fr\/diblois\/files\/P1033778-2048x1536.jpg 2048w, https:\/\/www.info.univ-tours.fr\/diblois\/files\/P1033778-360x270.jpg 360w\" sizes=\"auto, (max-width: 300px) 100vw, 300px\" \/><\/h4>\n<\/div>\n<h4><strong>Anciennes formations<\/strong><\/h4>\n<div id=\"block-list\"><a href=\"\/diblois\/fr\/master-bdma\">Master BDMA<\/a><\/div>\n<div>contrat 2018 &#8211; 2023<\/div>\n<div>Big Data Management and Analytics<\/div>\n<div id=\"block-list\"><a href=\"\/diblois\/fr\/master-cci\">Master CCI<\/a><\/div>\n<div>Comp\u00e9tence Compl\u00e9mentaire en Informatique (\u00e0 Tours)<\/div>\n<div id=\"block-list\"><a href=\"\/diblois\/fr\/master-siad\">Master SIAD<\/a><\/div>\n<div>Syst\u00e8mes d\u2019Information pour l\u2019Aide \u00e0 la D\u00e9cision<\/div>\n<div>contrat 2012-2017<\/div>\n<div id=\"block-list\"><a href=\"\/diblois\/fr\/master-it4bi\">Master IT4BI<\/a><\/div>\n<div>contrat 2012-2017<\/div>\n<div>Information Technologies for Business Intelligence<\/div>\n<div>\u00a0<\/div>\n\n\n<p><\/p>\n","protected":false},"excerpt":{"rendered":"<p>Data Sciences For Societal Challenges En 2024, nous changeons de maquette. Ce nouveau master en sciences des donn\u00e9es se caract\u00e9rise par : un centrage fort sur l&rsquo;ing\u00e9nierie et analyse de donn\u00e9es, un apprentissage possible en M1 et M2 via le CFA des Universit\u00e9s Centre- Val de Loire , un renforcement de la partie IA et deep learning. Il sera enseign\u00e9 en fran\u00e7ais pour l&rsquo;instant. Mais il est possible qu&rsquo;une partie des cours bascule en anglais dans le cadre du consortium&#8230;<\/p>\n<p class=\"read-more\"><a class=\"btn btn-default\" href=\"https:\/\/www.info.univ-tours.fr\/diblois\/master\/\"> Read More<span class=\"screen-reader-text\">  Read More<\/span><\/a><\/p>\n","protected":false},"author":1,"featured_media":0,"parent":0,"menu_order":0,"comment_status":"closed","ping_status":"open","template":"","meta":{"footnotes":""},"class_list":["post-12","page","type-page","status-publish","hentry"],"_links":{"self":[{"href":"https:\/\/www.info.univ-tours.fr\/diblois\/wp-json\/wp\/v2\/pages\/12","targetHints":{"allow":["GET"]}}],"collection":[{"href":"https:\/\/www.info.univ-tours.fr\/diblois\/wp-json\/wp\/v2\/pages"}],"about":[{"href":"https:\/\/www.info.univ-tours.fr\/diblois\/wp-json\/wp\/v2\/types\/page"}],"author":[{"embeddable":true,"href":"https:\/\/www.info.univ-tours.fr\/diblois\/wp-json\/wp\/v2\/users\/1"}],"replies":[{"embeddable":true,"href":"https:\/\/www.info.univ-tours.fr\/diblois\/wp-json\/wp\/v2\/comments?post=12"}],"version-history":[{"count":10,"href":"https:\/\/www.info.univ-tours.fr\/diblois\/wp-json\/wp\/v2\/pages\/12\/revisions"}],"predecessor-version":[{"id":2038,"href":"https:\/\/www.info.univ-tours.fr\/diblois\/wp-json\/wp\/v2\/pages\/12\/revisions\/2038"}],"wp:attachment":[{"href":"https:\/\/www.info.univ-tours.fr\/diblois\/wp-json\/wp\/v2\/media?parent=12"}],"curies":[{"name":"wp","href":"https:\/\/api.w.org\/{rel}","templated":true}]}}