{"id":1192,"date":"2017-03-28T11:49:57","date_gmt":"2017-03-28T09:49:57","guid":{"rendered":"http:\/\/www.info.univ-tours.fr\/diblois\/?page_id=1192"},"modified":"2020-04-01T09:47:00","modified_gmt":"2020-04-01T07:47:00","slug":"candidature-m2-bdma","status":"publish","type":"page","link":"https:\/\/www.info.univ-tours.fr\/diblois\/candidature-m2-bdma\/","title":{"rendered":"Candidature &#8211; M2 BDMA"},"content":{"rendered":"<div class=\"title\">\n<h2>Dates importantes<\/h2>\n<\/div>\n<ul>\n<li><b>Candidatures <\/b><b>sur E-candidat<\/b>&nbsp;(pour \u00e9tudiant.es d\u00e9j\u00e0 titulaires d&rsquo;un M1 ou d&rsquo;un Master en informatique dans une autre sp\u00e9cialit\u00e9) : du 20 avril au 18 mai 2020 sur&nbsp;<a href=\"http:\/\/ecandidat.univ-tours.fr\/ecandidat\">http:\/\/ecandidat.univ-tours.fr\/ecandidat<\/a><\/li>\n<li><b>Candidatures \u00e9trangers hors Campus France<\/b>&nbsp;: du 20 avril au 18 mai 2020 sur&nbsp;<a href=\"http:\/\/ecandidat.univ-tours.fr\/ecandidat\">http:\/\/ecandidat.univ-tours.fr\/ecandidat<\/a><\/li>\n<li><strong>Date limite candidatures Campus France :&nbsp;<\/strong>17 janvier 2020<\/li>\n<li><b>Date limite&nbsp;<\/b><span style=\"font-weight: 600;\">d&rsquo;inscription<\/span><b>&nbsp;en 2020 :&nbsp;<\/b>encore inconnue du fait de la crise sanitaire<\/li>\n<\/ul>\n<div class=\"title\">\n<h2>Qui peut candidater en M2 ?<\/h2>\n<\/div>\n<p>Sous r\u00e9serve d&rsquo;acceptation de candidature (s\u00e9lection en externe), le deuxi\u00e8me ann\u00e9e de Master (<strong>M2<\/strong>) est ouverte \u00e0 <strong>tout titulaire d&rsquo;une premi\u00e8re ann\u00e9e de Master d&rsquo;informatique<\/strong>, ou de tout dipl\u00f4me jug\u00e9 \u00e9quivalent obtenu en France ou \u00e0 l&rsquo;\u00e9tranger.<\/p>\n<p>Le niveau exigible en anglais pour int\u00e9grer le M2 BDMA est&nbsp; un niveau d&rsquo;anglais \u00e9quivalent \u00e0 650 TOEIC, 4.5 IELTS ou B1\/B2 CEFR attest\u00e9 par un justificatif officiel. Ces contraintes sont impos\u00e9es pour permettre aux \u00e9tudiants de suivre les enseignements exclusivement en anglais du M2 et pour pouvoir atteindre le niveau B2 (TOEIC 785), n\u00e9cessaire \u00e0 la validation du dipl\u00f4me en fin de M2.<\/p>\n<div class=\"title\">\n<h2>Quelle est la proc\u00e9dure de recrutement ?<\/h2>\n<\/div>\n<p>Le nombre de places \u00e9tant <strong>limit\u00e9 \u00e0 35 \u00e9tudiants<\/strong>, une commission p\u00e9dagogique compos\u00e9e d&rsquo;enseignants et de professionnels examine les dossiers complets de chaque candidat afin d&rsquo;\u00e9valuer l&rsquo;ad\u00e9quation de leur cursus ant\u00e9rieur avec la formation propos\u00e9e ainsi que leur motivation.&nbsp;Merci de noter que, au vu du nombre de demandes en Master,&nbsp;<strong>il ne sera pas donn\u00e9 d&rsquo;avis par email sur les candidatures<\/strong>.<\/p>\n<div class=\"title\">\n<h2>Comment faire pour candidater ?<\/h2>\n<\/div>\n<p>Pour les \u00e9tudiants fran\u00e7ais, les ressortissants de l\u2019Union Europ\u00e9enne et pour les \u00e9tudiants \u00e9trangers non-europ\u00e9en et hors espace Campus France, vous devez remplir la <strong>proc\u00e9dure de candidature<\/strong> sur la plateforme <strong><a title=\"Plateforme de Candidature en ligne\" href=\"https:\/\/ecandidat.univ-tours.fr\/\">E Candidat<\/a><\/strong>.<\/p>\n<p>Pour les <strong>\u00e9tudiants \u00e9trangers hors Europe<\/strong> dans l&rsquo;espace Campus France, vous devez obligatoirement vous inscrire en ligne sur le site <a title=\"Campus France\" href=\"http:\/\/www.campusfrance.org\/fr\/\">campus france<\/a>.<\/p>\n<div class=\"title\">\n<h2>Comment connaitre le r\u00e9sultat du recrutement ?<\/h2>\n<\/div>\n<p>Les candidats retenus sont pr\u00e9venus individuellement par courriel, courrier ou par t\u00e9l\u00e9phone. Ils doivent confirmer leur inscription dans un d\u00e9lai de <strong>deux<\/strong> semaines. Apr\u00e8s ce d\u00e9lai, les candidats n&rsquo;ayant pas confirm\u00e9 leur inscription sont consid\u00e9r\u00e9s comme ayant renonc\u00e9 \u00e0 leur inscription.<\/p>\n<p>Une liste compl\u00e9mentaire permet de pourvoir aux \u00e9ventuelles d\u00e9missions.<\/p>\n","protected":false},"excerpt":{"rendered":"<p>Dates importantes Candidatures sur E-candidat&nbsp;(pour \u00e9tudiant.es d\u00e9j\u00e0 titulaires d&rsquo;un M1 ou d&rsquo;un Master en informatique dans une autre sp\u00e9cialit\u00e9) : du 20 avril au 18 mai 2020 sur&nbsp;http:\/\/ecandidat.univ-tours.fr\/ecandidat Candidatures \u00e9trangers hors Campus France&nbsp;: du 20 avril au 18 mai 2020 sur&nbsp;http:\/\/ecandidat.univ-tours.fr\/ecandidat Date limite candidatures Campus France :&nbsp;17 janvier 2020 Date limite&nbsp;d&rsquo;inscription&nbsp;en 2020 :&nbsp;encore inconnue du fait de la crise sanitaire Qui peut candidater en M2 ? Sous r\u00e9serve d&rsquo;acceptation de candidature (s\u00e9lection en externe), le deuxi\u00e8me ann\u00e9e de Master (M2)&#8230;<\/p>\n<p class=\"read-more\"><a class=\"btn btn-default\" href=\"https:\/\/www.info.univ-tours.fr\/diblois\/candidature-m2-bdma\/\"> Read More<span class=\"screen-reader-text\">  Read More<\/span><\/a><\/p>\n","protected":false},"author":3,"featured_media":0,"parent":0,"menu_order":0,"comment_status":"closed","ping_status":"closed","template":"","meta":{"footnotes":""},"class_list":["post-1192","page","type-page","status-publish","hentry"],"_links":{"self":[{"href":"https:\/\/www.info.univ-tours.fr\/diblois\/wp-json\/wp\/v2\/pages\/1192","targetHints":{"allow":["GET"]}}],"collection":[{"href":"https:\/\/www.info.univ-tours.fr\/diblois\/wp-json\/wp\/v2\/pages"}],"about":[{"href":"https:\/\/www.info.univ-tours.fr\/diblois\/wp-json\/wp\/v2\/types\/page"}],"author":[{"embeddable":true,"href":"https:\/\/www.info.univ-tours.fr\/diblois\/wp-json\/wp\/v2\/users\/3"}],"replies":[{"embeddable":true,"href":"https:\/\/www.info.univ-tours.fr\/diblois\/wp-json\/wp\/v2\/comments?post=1192"}],"version-history":[{"count":8,"href":"https:\/\/www.info.univ-tours.fr\/diblois\/wp-json\/wp\/v2\/pages\/1192\/revisions"}],"predecessor-version":[{"id":1662,"href":"https:\/\/www.info.univ-tours.fr\/diblois\/wp-json\/wp\/v2\/pages\/1192\/revisions\/1662"}],"wp:attachment":[{"href":"https:\/\/www.info.univ-tours.fr\/diblois\/wp-json\/wp\/v2\/media?parent=1192"}],"curies":[{"name":"wp","href":"https:\/\/api.w.org\/{rel}","templated":true}]}}