{"id":11,"date":"2013-05-23T16:18:42","date_gmt":"2016-05-17T05:31:48","guid":{"rendered":""},"modified":"2019-01-17T09:46:39","modified_gmt":"2019-01-17T08:46:39","slug":"master-siad","status":"publish","type":"page","link":"https:\/\/www.info.univ-tours.fr\/diblois\/master-siad\/","title":{"rendered":"Master SIAD"},"content":{"rendered":"<div id=\"block-left\">\n<p>Le Master Informatique, sp\u00e9cialit\u00e9 \u00ab Syst\u00e8mes d\u2019Information pour l\u2019Aide \u00e0 la D\u00e9cision \u00bb, vise \u00e0 former des sp\u00e9cialistes en informatique d\u00e9cisionnelle, c\u2019est \u00e0 dire des informaticiens sp\u00e9cialistes des syst\u00e8mes d\u2019information qui comprennent et aident au d\u00e9veloppement des strat\u00e9gies des responsables d\u2019entreprises et des d\u00e9cideurs.<\/p>\n<div style=\"background-color: red; color: white;\">\n<p>Le master SIAD n&rsquo;accepte que plus d&rsquo;inscriptions. Il est d\u00e9sormais fusionn\u00e9 avec le Master BDMA (Big Data Management and Analytics).<\/p>\n<p>Tout \u00e9tudiant souhaitant postuler <strong>pour un master<\/strong> doit s&rsquo;inscrire dans <strong><a title=\"Master BDMA\" href=\"\/diblois\/master-bdma\/\">le master BDMA<\/a><\/strong>.<\/p>\n<\/div>\n<div class=\"title\">\n<h2>Des ing\u00e9nieurs pour accompagner la strat\u00e9gie de d\u00e9veloppement des entreprises<\/h2>\n<\/div>\n<p>L\u2019informatique d\u00e9cisionnelle (Business Intelligence, BI) est un secteur de l\u2019informatique vou\u00e9 \u00e0 l\u2019organisation de la capacit\u00e9 de collecte et d\u2019analyse de gros volumes de donn\u00e9es, en vue de g\u00e9n\u00e9rer de la connaissance et de la valeur ajout\u00e9e, en fournissant des services d\u2019aide \u00e0 la d\u00e9cision aux niveaux strat\u00e9gique, tactique et op\u00e9rationnel. Depuis sa cr\u00e9ation il y a 20 ans, la BI est devenue un immense domaine industriel et un moteur important de l\u2019\u00e9conomie, peu affect\u00e9e par la crise \u00e9conomique, et est encore un secteur en croissance rapide, constamment mentionn\u00e9 parmi les priorit\u00e9s des Chief Information Officers ` travers le monde, comme en t\u00e9moigne les analyses des cabinets d\u2019analystes Forrester, IDC et Gartner.<\/p>\n<p>L\u2019informatique d\u00e9cisionnelle couvre un domaine scientifique et technique large (bases de donn\u00e9es, int\u00e9gration et qualit\u00e9 des donn\u00e9es, technologies du web, construction des syst\u00e8mes d\u2019information, analyse et fouille de donn\u00e9es, recherche d\u2019information). Le programme est con\u00e7u pour apporter les connaissances, savoir-faire et comp\u00e9tences dans ces secteurs particuliers de l\u2019informatique n\u00e9cessaires aux d\u00e9cideurs.<\/p>\n<div class=\"title\">\n<h2>Concr\u00e9tiser les comp\u00e9tences<\/h2>\n<\/div>\n<p>Un part significative des enseignements (entre 30% et 40%) est assur\u00e9e par des professionnels de l\u2019informatique issus de grandes entreprises comme de PME locales: Atos, Umanis, Apside, Talend\u2026.<\/p>\n<p>Les aspects professionnels sont abord\u00e9s au travers :<\/p>\n<ul>\n<li>d\u2019enseignements d\u2019anglais de 30 heures par semestre devant favoriser leur mobilit\u00e9 au niveau international<\/li>\n<li>d\u2019enseignements li\u00e9s \u00e0 l\u2019organisation des entreprises (droit social, responsabilit\u00e9 commerciale, gestion, analyse financi\u00e8re, management et marketing)<\/li>\n<li>d\u2019une conduite de projet d\u00e9cisionnelle en M1<\/li>\n<li>d\u2019un stage en entreprise de 6 mois en M2<\/li>\n<\/ul>\n<div class=\"title\">\n<h2>Un adossement \u00e0 la recherche<\/h2>\n<\/div>\n<p>L\u2019informatique d\u00e9cisionnelle est la sp\u00e9cialit\u00e9 des enseignants chercheurs du D\u00e9partement Informatique de Blois, dont les th\u00e8mes de recherche sont directement li\u00e9s aux programmes (entrep\u00f4ts de donn\u00e9es, fouille de donn\u00e9es, technologies du Web).<\/p>\n<\/div>\n<div id=\"block-right\">\n<div class=\"director\">Responsable de la mention Master <a href=\"\/diblois\/fr\/contact\/\">Nicolas Labroche<\/a><\/div>\n<h4>Les points cl\u00e9s<\/h4>\n<div class=\"sub-paragraph\">\n<ul>\n<li>Master indiff\u00e9renci\u00e9<\/li>\n<li>Formation s\u00e9lective en M2<\/li>\n<li>Projet d\u00e9cisionnel en M1<\/li>\n<li><a href=\"\/diblois\/stages\/\">Stage de 6 mois<\/a> en entreprise ou en laboratoire de recherche<\/li>\n<li>S\u00e9minaires anim\u00e9s par des industriels ou des chercheurs, initiation \u00e0 la recherche<\/li>\n<li>Class\u00e9 parmi les meilleurs Master 2013 (classement SMBG)<\/li>\n<\/ul>\n<\/div>\n<h4>Programme &amp; Candidature<\/h4>\n<div class=\"sub-paragraph\">\n<ul>\n<li>Master 1\n<ul>\n<li style=\"list-style-type: none;\">\n<ul>\n<li><a href=\"\/diblois\/fr\/programme-m1-siad\/\">Programme<\/a><\/li>\n<\/ul>\n<\/li>\n<\/ul>\n<p><!--\n \t\n\n<li><a href=\"\/diblois\/fr\/candidature-m1-siad\/\">Candidature<\/a><\/li>\n\n\n--><\/li>\n<li>Master 2\n<ul>\n<li style=\"list-style-type: none;\">\n<ul>\n<li><a href=\"\/diblois\/fr\/programme-m2-siad\/\">Programme<\/a><\/li>\n<\/ul>\n<\/li>\n<\/ul>\n<p><!--\n \t\n\n<li><a href=\"\/diblois\/fr\/candidature-m2-siad\/\">Candidature<\/a><\/li>\n\n\n--><\/li>\n<\/ul>\n<p>Merci de noter que le Master SIAD est d\u00e9sormais fusionn\u00e9 avec le Master BDMA. Aucune inscription au Master SIAD n&rsquo;est possible, merci de consulter la page du <a href=\"https:\/\/www.info.univ-tours.fr\/diblois\/fr\/master-bdma\/\">Master BDMA<\/a>.<\/p>\n<\/div>\n<h4>Les d\u00e9bouch\u00e9s<\/h4>\n<div class=\"sub-paragraph\">\n<p>M\u00e9tiers de consultants d\u00e9cisionnels, ing\u00e9nieurs \u00e9tude et d\u00e9veloppement<\/p>\n<ul>\n<li>Possibilit\u00e9 de poursuite d\u2019\u00e9tude en doctorat<\/li>\n<li>Taux d\u2019embauche en CDI 100 % (2014) 66 % (2013), 72 % (2012), 100 % (2011), 95 % (2010)<\/li>\n<li>en 2014, 88 % des \u00e9tudiants ont trouv\u00e9 un emploi dans les 6 mois qui suivent leur dipl\u00f4me<\/li>\n<li>Salaire brut moyen 30 500 euros par ans<\/li>\n<li>Bassins d\u2019embauche 40% r\u00e9gion Centre, 20% r\u00e9gion IDF, 40% ailleurs en France<\/li>\n<\/ul>\n<\/div>\n<h4>Informations compl\u00e9mentaires<\/h4>\n<div class=\"sub-paragraph\">\n<ul>\n<li><a href=\"\/diblois\/files\/pdfs\/utfr_diblois_etu_master_siad_2014_2015.pdf\" target=\"_blank\" rel=\"noopener\">Livret de l&rsquo;\u00e9tudiant<\/a> (Master SIAD)<\/li>\n<\/ul>\n<\/div>\n<\/div>\n","protected":false},"excerpt":{"rendered":"<p>Syst\u00e8mes d\u2019Information pour l\u2019Aide \u00e0 la D\u00e9cision<\/p>\n","protected":false},"author":1,"featured_media":0,"parent":0,"menu_order":0,"comment_status":"closed","ping_status":"open","template":"","meta":{"footnotes":""},"class_list":["post-11","page","type-page","status-publish","hentry"],"_links":{"self":[{"href":"https:\/\/www.info.univ-tours.fr\/diblois\/wp-json\/wp\/v2\/pages\/11","targetHints":{"allow":["GET"]}}],"collection":[{"href":"https:\/\/www.info.univ-tours.fr\/diblois\/wp-json\/wp\/v2\/pages"}],"about":[{"href":"https:\/\/www.info.univ-tours.fr\/diblois\/wp-json\/wp\/v2\/types\/page"}],"author":[{"embeddable":true,"href":"https:\/\/www.info.univ-tours.fr\/diblois\/wp-json\/wp\/v2\/users\/1"}],"replies":[{"embeddable":true,"href":"https:\/\/www.info.univ-tours.fr\/diblois\/wp-json\/wp\/v2\/comments?post=11"}],"version-history":[{"count":1,"href":"https:\/\/www.info.univ-tours.fr\/diblois\/wp-json\/wp\/v2\/pages\/11\/revisions"}],"predecessor-version":[{"id":1306,"href":"https:\/\/www.info.univ-tours.fr\/diblois\/wp-json\/wp\/v2\/pages\/11\/revisions\/1306"}],"wp:attachment":[{"href":"https:\/\/www.info.univ-tours.fr\/diblois\/wp-json\/wp\/v2\/media?parent=11"}],"curies":[{"name":"wp","href":"https:\/\/api.w.org\/{rel}","templated":true}]}}