{"id":108,"date":"2015-06-19T12:53:04","date_gmt":"2015-06-19T10:53:04","guid":{"rendered":"http:\/\/www.info.univ-tours.fr\/diblois\/le-mot-du-directeur\/"},"modified":"2025-06-25T11:09:01","modified_gmt":"2025-06-25T09:09:01","slug":"le-mot-du-directeur","status":"publish","type":"page","link":"https:\/\/www.info.univ-tours.fr\/diblois\/le-mot-du-directeur\/","title":{"rendered":"Le mot de la Directrice"},"content":{"rendered":"<p>Je suis heureuse, \u00e9tudiant\u00b7es, lyc\u00e9en\u00b7nes, parents et professionnels de l\u2019informatique, de vous accueillir sur le site web du D\u00e9partement Informatique de la facult\u00e9 des Sciences et Techniques de l\u2019Universit\u00e9 de Tours, antenne de Blois.<\/p>\n<p>Ce d\u00e9partement est localis\u00e9 sur le site Jean Jaur\u00e8s \u00e0 Blois, mais aussi \u00e0 Tours sur le site Grandmont. Vous \u00eates ici sur le site Web pr\u00e9sentant les activit\u00e9s du DI \u00e0 Blois. Actuellement nous organisons et assurons \u00e0 Blois une licence g\u00e9n\u00e9rale en informatique (<a class=\"moz-txt-link-freetext\" href=\"https:\/\/www.univ-tours.fr\/formations\/licence-sciences-technologies-sante-mention-informatique-parcours-sciences-informatiques\">https:\/\/www.univ-tours.fr\/formations\/licence-sciences-technologies-sante-mention-informatique-parcours-sciences-informatiques<\/a>)et un master en informatique sp\u00e9cialis\u00e9 sur les sciences des donn\u00e9es pour les d\u00e9fis soci\u00e9taux (<a class=\"moz-txt-link-freetext\" href=\"https:\/\/www.univ-tours.fr\/formations\/master-sciences-technologies-sante-mention-informatique-parcours-data-sciences-for-societal-challenges-ds4sc\">https:\/\/www.univ-tours.fr\/formations\/master-sciences-technologies-sante-mention-informatique-parcours-data-sciences-for-societal-challenges-ds4sc<\/a>).<\/p>\n<p>Le DI b\u00e9n\u00e9ficie d\u2019une \u00e9quipe d\u2019enseignant\u00b7es dynamique et \u00e0 l\u2019\u00e9coute des \u00e9tudiants. Chaque promotion est \u00e0 taille humaine (au plus une trentaine d\u2019\u00e9tudiants par groupes) et les pourcentages d\u2019\u00e9tudiantes sont nettement sup\u00e9rieures aux moyennes nationales dans chaque promotion. En \u00e9troite coop\u00e9ration avec les services de l\u2019universit\u00e9 (sant\u00e9 et handicap, sports, associations, biblioth\u00e8ques), nous offrons un suivi personnalis\u00e9 aux \u00e9tudiant\u00b7es, ce qui m\u00e8ne \u00e0 de tr\u00e8s bons taux de r\u00e9ussite.<\/p>\n<p>Attentifs aux souhaits et motivations des \u00e9tudiant\u00b7es, nous arrivons \u00e0 offrir de la souplesse dans les parcours : d\u2019une part un soutien est propos\u00e9 en math\u00e9matiques ou en informatique en premi\u00e8re ann\u00e9e et il est possible de faire un parcours en 4 ans pour les personnes qui n\u2019ont pas les pr\u00e9-requis pour suivre sereinement les trois ann\u00e9es, et d\u2019autre part il est possible de faire un parcours de licence en 2 ans seulement. Dans tous les cas, la r\u00e9ussite demande une <b class=\"moz-txt-star\"><span class=\"moz-txt-tag\">*<\/span>forte motivation<span class=\"moz-txt-tag\">*<\/span><\/b> et nous conseillons aux \u00e9tudiant\u00b7es int\u00e9ress\u00e9\u00b7es par nos formations de prendre contact avec nous pour \u00e9tudier leur projet d\u2019\u00e9tudes.<\/p>\n<p>Notre d\u00e9partement est naturellement tourn\u00e9 vers l\u2019international et le monde de l\u2019entreprise. Les bon\u00b7nes \u00e9tudiant\u00b7es de licence ont la possibilit\u00e9 de terminer leur parcours dans une autre universit\u00e9 europ\u00e9enne et le master participe \u00e0 la cr\u00e9ation d&rsquo;un dipl\u00f4me de l&rsquo;universit\u00e9 europ\u00e9enne NEOLAIA (<a class=\"moz-txt-link-freetext\" href=\"https:\/\/www.univ-tours.fr\/neolaia\/presentation\">https:\/\/www.univ-tours.fr\/neolaia\/presentation<\/a>). L\u2019ouverture vers le monde de l\u2019entreprise est \u00e9galement important pour nous, ce pour quoi nous faisons intervenir des professionnel\u00b7les d\u2019entreprises dans nos enseignements. Un stage de 2 \u00e0 4 mois en 3\u00e8me ann\u00e9e de licence et de 6 mois en 2\u00e8me ann\u00e9e de master terminent obligatoirement nos cursus. Le master est \u00e9galement ouvert en apprentissage.<\/p>\n<p>Nos dipl\u00f4m\u00e9\u00b7es de master trouvent ainsi des postes d\u2019ing\u00e9nieur\u00b7es d\u00e8s l\u2019obtention de leur master, dont plus de 80% en CDI et beaucoup en R\u00e9gion Centre Val de Loire. Nos dipl\u00f4m\u00e9\u00b7es de licence sont en mesure de continuer dans tout master en informatique, quelle que soit la sp\u00e9cialit\u00e9. Certain\u00b7es rejoignent des \u00e9coles d\u2019ing\u00e9nieur\u00b7es.<\/p>\n<p>Au nom de l\u2019ensemble des enseignant\u00b7es, je vous souhaite une bonne visite de ce site. Toute notre \u00e9quipe reste \u00e0 votre \u00e9coute pour toutes questions li\u00e9es \u00e0 votre profil et vos d\u00e9sirs.<\/p>\n<p><b class=\"moz-txt-star\">B\u00e9atrice Markhoff<\/b><br \/>\n<b class=\"moz-txt-star\">Professeure des Universit\u00e9s<\/b><br \/>\n<b class=\"moz-txt-star\">Universit\u00e9 de Tours, antenne de Blois<\/b><\/p>\n","protected":false},"excerpt":{"rendered":"<p>Je suis heureuse, \u00e9tudiant\u00b7es, lyc\u00e9en\u00b7nes, parents et professionnels de l\u2019informatique, de vous accueillir sur le site web du D\u00e9partement Informatique de la facult\u00e9 des Sciences et Techniques de l\u2019Universit\u00e9 de Tours, antenne de Blois. Ce d\u00e9partement est localis\u00e9 sur le site Jean Jaur\u00e8s \u00e0 Blois, mais aussi \u00e0 Tours sur le site Grandmont. Vous \u00eates ici sur le site Web pr\u00e9sentant les activit\u00e9s du DI \u00e0 Blois. Actuellement nous organisons et assurons \u00e0 Blois une licence g\u00e9n\u00e9rale en informatique (https:\/\/www.univ-tours.fr\/formations\/licence-sciences-technologies-sante-mention-informatique-parcours-sciences-informatiques)et&#8230;<\/p>\n<p class=\"read-more\"><a class=\"btn btn-default\" href=\"https:\/\/www.info.univ-tours.fr\/diblois\/le-mot-du-directeur\/\"> Read More<span class=\"screen-reader-text\">  Read More<\/span><\/a><\/p>\n","protected":false},"author":66,"featured_media":0,"parent":0,"menu_order":0,"comment_status":"closed","ping_status":"closed","template":"","meta":{"footnotes":""},"class_list":["post-108","page","type-page","status-publish","hentry"],"_links":{"self":[{"href":"https:\/\/www.info.univ-tours.fr\/diblois\/wp-json\/wp\/v2\/pages\/108","targetHints":{"allow":["GET"]}}],"collection":[{"href":"https:\/\/www.info.univ-tours.fr\/diblois\/wp-json\/wp\/v2\/pages"}],"about":[{"href":"https:\/\/www.info.univ-tours.fr\/diblois\/wp-json\/wp\/v2\/types\/page"}],"author":[{"embeddable":true,"href":"https:\/\/www.info.univ-tours.fr\/diblois\/wp-json\/wp\/v2\/users\/66"}],"replies":[{"embeddable":true,"href":"https:\/\/www.info.univ-tours.fr\/diblois\/wp-json\/wp\/v2\/comments?post=108"}],"version-history":[{"count":4,"href":"https:\/\/www.info.univ-tours.fr\/diblois\/wp-json\/wp\/v2\/pages\/108\/revisions"}],"predecessor-version":[{"id":1983,"href":"https:\/\/www.info.univ-tours.fr\/diblois\/wp-json\/wp\/v2\/pages\/108\/revisions\/1983"}],"wp:attachment":[{"href":"https:\/\/www.info.univ-tours.fr\/diblois\/wp-json\/wp\/v2\/media?parent=108"}],"curies":[{"name":"wp","href":"https:\/\/api.w.org\/{rel}","templated":true}]}}