{"id":10,"date":"2013-05-23T16:17:22","date_gmt":"2013-05-23T14:17:22","guid":{"rendered":""},"modified":"2019-03-07T14:38:14","modified_gmt":"2019-03-07T13:38:14","slug":"licence-pro-qssi","status":"publish","type":"page","link":"https:\/\/www.info.univ-tours.fr\/diblois\/licence-pro-qssi\/","title":{"rendered":"Licence Pro. QSSI"},"content":{"rendered":"<div id=\"block-left\">La Licence Pro. QSSI forme ses \u00e9tudiants \u00e0 la mise en oeuvre et la maintenance de m\u00e9thodes et d\u2019outils pour la qualit\u00e9 et la s\u00e9curit\u00e9 des syst\u00e8mes d\u2019information d\u2019une entreprise ou d\u2019une administration.<\/p>\n<div class=\"title\">\n<h2>Offrir des comp\u00e9tences reconnues par la profession<\/h2>\n<\/div>\n<p>Cette formation de niveau Bac+3 apporte les comp\u00e9tences requises par la production informatique, en s\u2019appuyant sur les ouvrages r\u00e9f\u00e9rencant les \u00abmeilleures pratiques\u00bb de la profession en qualit\u00e9 des services (ITIL) et en s\u00e9curit\u00e9 des syst\u00e8mes d\u2019information (ISO 27002).<br \/>\nLe terme \u00abs\u00e9curit\u00e9\u00bb fait non seulement r\u00e9f\u00e9rence \u00e0 la confidentialit\u00e9 mais \u00e9galement \u00e0 la garantie d\u2019une disponibilit\u00e9 et d\u2019une p\u00e9rennit\u00e9 des donn\u00e9es et des services.<\/p>\n<div class=\"title\">\n<h2>R\u00e9pondre aux probl\u00e9matiques du terrain<\/h2>\n<\/div>\n<p>Cette sp\u00e9cialit\u00e9 est en plein essor sur le march\u00e9 du travail, car depuis l\u2019an 2000, la probl\u00e9matique \u00abs\u00e9curit\u00e9\u00bb a beaucoup \u00e9volu\u00e9 : focalis\u00e9 au d\u00e9part sur des questions techniques de chiffrement ou de protocoles d\u2019identification, des guides de bonnes pratiques ont peu \u00e0 peu \u00e9t\u00e9 construits, ont d\u00e9bouch\u00e9 sur des normes, et de nombreux outils ont \u00e9t\u00e9 d\u00e9velopp\u00e9s pour ma\u00eetriser les \u00e9v\u00e8nements.<br \/>\nAujourd\u2019hui il est clair que c\u2019est par l\u2019int\u00e9gration de la qualit\u00e9 et de la s\u00e9curit\u00e9 au sein des processus classiques de gestion des syst\u00e8mes qu\u2019une entreprise parviendra \u00e0 s\u2019assurer d\u2019un sch\u00e9ma de production le plus fiable possible.<br \/>\nLes m\u00e9tiers de la s\u00e9curit\u00e9 se sont diversifi\u00e9s : si la fonction d\u2019 \u00ab administrateur (s\u00e9curit\u00e9) r\u00e9seaux \u00bb est encore r\u00e9serv\u00e9e \u00e0 des qualifications de niveau ing\u00e9nieur, il existe de plus en plus de t\u00e2ches dans le suivi des politiques de s\u00e9curit\u00e9, l\u2019administration et la maintenance des outils de contr\u00f4le et de protection, qui ne sont pas du ressort d\u2019un ing\u00e9nieur, alors m\u00eame qu\u2019elles sont vitales.<br \/>\nLes dipl\u00f4m\u00e9s de la licence professionnelle QSSI sont form\u00e9s pour de telles fonctions.<\/p>\n<\/div>\n<div id=\"block-right\">\n<a class=\"link-official-website\" href=\"http:\/\/iut-blois.univ-tours.fr\/formations\/qualite-securite-des-systemes-d-information-92850.kjsp?STNAV=&amp;RUBNAV=&amp;RH=1227615022638&amp;RF=1227615022638\" target=\"_blank\" rel=\"noopener noreferrer\">Site officiel<\/a><\/p>\n<div class=\"director\">Responsable de la Licence Pro. QSSI<br \/>\n<a href=\"\/diblois\/fr\/contact\">B\u00e9atrice Markhoff et Nathalie Friburger<\/a><\/div>\n<h4>La formation<\/h4>\n<div class=\"sub-paragraph\">\n<ul>\n<li>Quatre unit\u00e9s d\u2019enseignement :\n<ul>\n<li>Socle de connaissances :<br \/>\nbases de donn\u00e9es, r\u00e9seaux, syst\u00e8mes d\u2019exploitation<\/li>\n<li>Communication et entreprise :<br \/>\nanglais, culture d\u2019entreprise, droit et gestion<\/li>\n<li>Outils techniques pour la qualit\u00e9\/s\u00e9curit\u00e9 des syst\u00e8mes d\u2019information<\/li>\n<li>Management de la qualit\u00e9\/s\u00e9curit\u00e9 des syst\u00e8mes d\u2019exploitation<\/li>\n<\/ul>\n<\/li>\n<li>Un projet de fin d\u2019\u00e9tudes de 2 mois (\u00e0 mi-temps) en entreprise ou \u00e0 l\u2019IUT<\/li>\n<li>Un stage en entreprise de 4 mois (mars \u00e0 juin)<\/li>\n<li>Une formation ouverte \u00e0 l&rsquo;apprentissage<\/li>\n<\/ul>\n<\/div>\n<h4>Les d\u00e9bouch\u00e9s<\/h4>\n<div class=\"sub-paragraph\">\nFonctions de technicien sup\u00e9rieur\/assistant ing\u00e9nieur dans les domaines :<\/p>\n<ul>\n<li>de l\u2019int\u00e9gration de services ou d\u2019applications<\/li>\n<li>du d\u00e9veloppement d\u2019applications et du g\u00e9nie logiciel<\/li>\n<li>de l\u2019architecture de syst\u00e8mes en r\u00e9seaux<\/li>\n<li>de l\u2019administration de syst\u00e8mes et r\u00e9seaux<\/li>\n<li>des syst\u00e8mes d\u2019information, bases de donn\u00e9es, serveurs Web<\/li>\n<\/ul>\n<\/div>\n<\/div>\n","protected":false},"excerpt":{"rendered":"<p>Qualit\u00e9 &amp; S\u00e9curit\u00e9 des Syst\u00e8mes d\u2019information<\/p>\n","protected":false},"author":1,"featured_media":0,"parent":0,"menu_order":0,"comment_status":"closed","ping_status":"closed","template":"","meta":{"footnotes":""},"class_list":["post-10","page","type-page","status-publish","hentry"],"_links":{"self":[{"href":"https:\/\/www.info.univ-tours.fr\/diblois\/wp-json\/wp\/v2\/pages\/10","targetHints":{"allow":["GET"]}}],"collection":[{"href":"https:\/\/www.info.univ-tours.fr\/diblois\/wp-json\/wp\/v2\/pages"}],"about":[{"href":"https:\/\/www.info.univ-tours.fr\/diblois\/wp-json\/wp\/v2\/types\/page"}],"author":[{"embeddable":true,"href":"https:\/\/www.info.univ-tours.fr\/diblois\/wp-json\/wp\/v2\/users\/1"}],"replies":[{"embeddable":true,"href":"https:\/\/www.info.univ-tours.fr\/diblois\/wp-json\/wp\/v2\/comments?post=10"}],"version-history":[{"count":1,"href":"https:\/\/www.info.univ-tours.fr\/diblois\/wp-json\/wp\/v2\/pages\/10\/revisions"}],"predecessor-version":[{"id":1468,"href":"https:\/\/www.info.univ-tours.fr\/diblois\/wp-json\/wp\/v2\/pages\/10\/revisions\/1468"}],"wp:attachment":[{"href":"https:\/\/www.info.univ-tours.fr\/diblois\/wp-json\/wp\/v2\/media?parent=10"}],"curies":[{"name":"wp","href":"https:\/\/api.w.org\/{rel}","templated":true}]}}